{"id":19212,"date":"2022-10-25T13:44:02","date_gmt":"2022-10-25T11:44:02","guid":{"rendered":"https:\/\/www.gmj.si\/?page_id=19212"},"modified":"2022-10-25T13:44:02","modified_gmt":"2022-10-25T11:44:02","slug":"wiredrawing-machine","status":"publish","type":"page","link":"https:\/\/www.gmj.si\/en\/wiredrawing-machine\/","title":{"rendered":"WIREDRAWING MACHINE"},"content":{"rendered":"<p>It was made in 1969 in German machine factory Niehoff. It was used in processing plants for winding wire in wiredrawing mill. The first wiredrawing mill was opened in Jesenice as early as in 1890. As the steelworks was expanding, the original location became too small and the cold rolling mill and the wiredrawing mill were moved to Hrenovica, to a location near Stara Sava. The plans for the factory were drawn by engineer Miroslav Nikoli\u010d during the Second World War in a German camp.\u00a0 The wiredrawing plant produced wire for vineyards, fences, sieves, nets, filters, rotors, coils, electrical installations, bookbinders and for manufacturing wire nails, screws and chains. In 2020 the wiredrawing machine was renovated within Na\u0161a industrijska dedi\u0161\u010dina na\u0161 ponos (Our industrial heritage \u2013 our pride) Project.<\/p>\n<p><img decoding=\"async\" class=\"alignnone size-full wp-image-19109\" src=\"https:\/\/www.gmj.si\/wp-content\/uploads\/2022\/10\/M-9662-10.5.1979-scaled.jpg\" alt=\"\" width=\"2560\" height=\"1793\" srcset=\"https:\/\/www.gmj.si\/wp-content\/uploads\/2022\/10\/M-9662-10.5.1979-64x45.jpg 64w, https:\/\/www.gmj.si\/wp-content\/uploads\/2022\/10\/M-9662-10.5.1979-200x140.jpg 200w, https:\/\/www.gmj.si\/wp-content\/uploads\/2022\/10\/M-9662-10.5.1979-300x210.jpg 300w, https:\/\/www.gmj.si\/wp-content\/uploads\/2022\/10\/M-9662-10.5.1979-400x280.jpg 400w, https:\/\/www.gmj.si\/wp-content\/uploads\/2022\/10\/M-9662-10.5.1979-600x420.jpg 600w, https:\/\/www.gmj.si\/wp-content\/uploads\/2022\/10\/M-9662-10.5.1979-768x538.jpg 768w, https:\/\/www.gmj.si\/wp-content\/uploads\/2022\/10\/M-9662-10.5.1979-800x560.jpg 800w, https:\/\/www.gmj.si\/wp-content\/uploads\/2022\/10\/M-9662-10.5.1979-1024x717.jpg 1024w, https:\/\/www.gmj.si\/wp-content\/uploads\/2022\/10\/M-9662-10.5.1979-1200x840.jpg 1200w, https:\/\/www.gmj.si\/wp-content\/uploads\/2022\/10\/M-9662-10.5.1979-1536x1076.jpg 1536w, https:\/\/www.gmj.si\/wp-content\/uploads\/2022\/10\/M-9662-10.5.1979-scaled.jpg 2560w\" sizes=\"(max-width: 2560px) 100vw, 2560px\" \/>A worker at the wire-drawing machine in 1979<\/p>\n","protected":false},"excerpt":{"rendered":"<p>It was made in 1969 in German machine factory Niehoff.  [&#8230;]<\/p>\n","protected":false},"author":2,"featured_media":0,"parent":0,"menu_order":0,"comment_status":"closed","ping_status":"closed","template":"","meta":{"footnotes":""},"class_list":["post-19212","page","type-page","status-publish","hentry"],"yoast_head":"<!-- This site is optimized with the Yoast SEO plugin v27.6 - https:\/\/yoast.com\/product\/yoast-seo-wordpress\/ -->\n<title>WIREDRAWING MACHINE - Gornjesavski muzej Jesenice<\/title>\n<meta name=\"robots\" content=\"index, follow, max-snippet:-1, max-image-preview:large, max-video-preview:-1\" \/>\n<link rel=\"canonical\" href=\"https:\/\/www.gmj.si\/en\/wiredrawing-machine\/\" \/>\n<meta property=\"og:locale\" content=\"en_US\" \/>\n<meta property=\"og:type\" content=\"article\" \/>\n<meta property=\"og:title\" content=\"WIREDRAWING MACHINE - Gornjesavski muzej Jesenice\" \/>\n<meta property=\"og:description\" content=\"It was made in 1969 in German machine factory Niehoff. [...]\" \/>\n<meta property=\"og:url\" content=\"https:\/\/www.gmj.si\/en\/wiredrawing-machine\/\" \/>\n<meta property=\"og:site_name\" content=\"Gornjesavski muzej Jesenice\" \/>\n<meta property=\"article:publisher\" content=\"https:\/\/www.facebook.com\/GMJesenice\/\" \/>\n<meta property=\"og:image\" content=\"https:\/\/www.gmj.si\/wp-content\/uploads\/2022\/10\/M-9662-10.5.1979-scaled.jpg\" \/>\n<meta name=\"twitter:card\" content=\"summary_large_image\" \/>\n<meta name=\"twitter:label1\" content=\"Est. reading time\" \/>\n\t<meta name=\"twitter:data1\" content=\"1 minute\" \/>\n<script type=\"application\/ld+json\" class=\"yoast-schema-graph\">{\"@context\":\"https:\\\/\\\/schema.org\",\"@graph\":[{\"@type\":\"WebPage\",\"@id\":\"https:\\\/\\\/www.gmj.si\\\/en\\\/wiredrawing-machine\\\/\",\"url\":\"https:\\\/\\\/www.gmj.si\\\/en\\\/wiredrawing-machine\\\/\",\"name\":\"WIREDRAWING MACHINE - Gornjesavski muzej Jesenice\",\"isPartOf\":{\"@id\":\"https:\\\/\\\/www.gmj.si\\\/#website\"},\"primaryImageOfPage\":{\"@id\":\"https:\\\/\\\/www.gmj.si\\\/en\\\/wiredrawing-machine\\\/#primaryimage\"},\"image\":{\"@id\":\"https:\\\/\\\/www.gmj.si\\\/en\\\/wiredrawing-machine\\\/#primaryimage\"},\"thumbnailUrl\":\"https:\\\/\\\/www.gmj.si\\\/wp-content\\\/uploads\\\/2022\\\/10\\\/M-9662-10.5.1979-scaled.jpg\",\"datePublished\":\"2022-10-25T11:44:02+00:00\",\"breadcrumb\":{\"@id\":\"https:\\\/\\\/www.gmj.si\\\/en\\\/wiredrawing-machine\\\/#breadcrumb\"},\"inLanguage\":\"en-US\",\"potentialAction\":[{\"@type\":\"ReadAction\",\"target\":[\"https:\\\/\\\/www.gmj.si\\\/en\\\/wiredrawing-machine\\\/\"]}]},{\"@type\":\"ImageObject\",\"inLanguage\":\"en-US\",\"@id\":\"https:\\\/\\\/www.gmj.si\\\/en\\\/wiredrawing-machine\\\/#primaryimage\",\"url\":\"https:\\\/\\\/www.gmj.si\\\/wp-content\\\/uploads\\\/2022\\\/10\\\/M-9662-10.5.1979-scaled.jpg\",\"contentUrl\":\"https:\\\/\\\/www.gmj.si\\\/wp-content\\\/uploads\\\/2022\\\/10\\\/M-9662-10.5.1979-scaled.jpg\"},{\"@type\":\"BreadcrumbList\",\"@id\":\"https:\\\/\\\/www.gmj.si\\\/en\\\/wiredrawing-machine\\\/#breadcrumb\",\"itemListElement\":[{\"@type\":\"ListItem\",\"position\":1,\"name\":\"Home\",\"item\":\"https:\\\/\\\/www.gmj.si\\\/en\\\/\"},{\"@type\":\"ListItem\",\"position\":2,\"name\":\"WIREDRAWING MACHINE\"}]},{\"@type\":\"WebSite\",\"@id\":\"https:\\\/\\\/www.gmj.si\\\/#website\",\"url\":\"https:\\\/\\\/www.gmj.si\\\/\",\"name\":\"Gornjesavski muzej Jesenice\",\"description\":\"Skrbimo za kulturno in naravno dedi\u0161\u010dino gornjesavske regije\",\"publisher\":{\"@id\":\"https:\\\/\\\/www.gmj.si\\\/#organization\"},\"potentialAction\":[{\"@type\":\"SearchAction\",\"target\":{\"@type\":\"EntryPoint\",\"urlTemplate\":\"https:\\\/\\\/www.gmj.si\\\/?s={search_term_string}\"},\"query-input\":{\"@type\":\"PropertyValueSpecification\",\"valueRequired\":true,\"valueName\":\"search_term_string\"}}],\"inLanguage\":\"en-US\"},{\"@type\":\"Organization\",\"@id\":\"https:\\\/\\\/www.gmj.si\\\/#organization\",\"name\":\"Gornjesavski muzej Jesenice\",\"url\":\"https:\\\/\\\/www.gmj.si\\\/\",\"logo\":{\"@type\":\"ImageObject\",\"inLanguage\":\"en-US\",\"@id\":\"https:\\\/\\\/www.gmj.si\\\/#\\\/schema\\\/logo\\\/image\\\/\",\"url\":\"https:\\\/\\\/www.gmj.si\\\/wp-content\\\/uploads\\\/2021\\\/12\\\/cropped-logo400.png\",\"contentUrl\":\"https:\\\/\\\/www.gmj.si\\\/wp-content\\\/uploads\\\/2021\\\/12\\\/cropped-logo400.png\",\"width\":512,\"height\":512,\"caption\":\"Gornjesavski muzej Jesenice\"},\"image\":{\"@id\":\"https:\\\/\\\/www.gmj.si\\\/#\\\/schema\\\/logo\\\/image\\\/\"},\"sameAs\":[\"https:\\\/\\\/www.facebook.com\\\/GMJesenice\\\/\"]}]}<\/script>\n<!-- \/ Yoast SEO plugin. -->","yoast_head_json":{"title":"WIREDRAWING MACHINE - Gornjesavski muzej Jesenice","robots":{"index":"index","follow":"follow","max-snippet":"max-snippet:-1","max-image-preview":"max-image-preview:large","max-video-preview":"max-video-preview:-1"},"canonical":"https:\/\/www.gmj.si\/en\/wiredrawing-machine\/","og_locale":"en_US","og_type":"article","og_title":"WIREDRAWING MACHINE - Gornjesavski muzej Jesenice","og_description":"It was made in 1969 in German machine factory Niehoff. [...]","og_url":"https:\/\/www.gmj.si\/en\/wiredrawing-machine\/","og_site_name":"Gornjesavski muzej Jesenice","article_publisher":"https:\/\/www.facebook.com\/GMJesenice\/","og_image":[{"url":"https:\/\/www.gmj.si\/wp-content\/uploads\/2022\/10\/M-9662-10.5.1979-scaled.jpg","type":"","width":"","height":""}],"twitter_card":"summary_large_image","twitter_misc":{"Est. reading time":"1 minute"},"schema":{"@context":"https:\/\/schema.org","@graph":[{"@type":"WebPage","@id":"https:\/\/www.gmj.si\/en\/wiredrawing-machine\/","url":"https:\/\/www.gmj.si\/en\/wiredrawing-machine\/","name":"WIREDRAWING MACHINE - Gornjesavski muzej Jesenice","isPartOf":{"@id":"https:\/\/www.gmj.si\/#website"},"primaryImageOfPage":{"@id":"https:\/\/www.gmj.si\/en\/wiredrawing-machine\/#primaryimage"},"image":{"@id":"https:\/\/www.gmj.si\/en\/wiredrawing-machine\/#primaryimage"},"thumbnailUrl":"https:\/\/www.gmj.si\/wp-content\/uploads\/2022\/10\/M-9662-10.5.1979-scaled.jpg","datePublished":"2022-10-25T11:44:02+00:00","breadcrumb":{"@id":"https:\/\/www.gmj.si\/en\/wiredrawing-machine\/#breadcrumb"},"inLanguage":"en-US","potentialAction":[{"@type":"ReadAction","target":["https:\/\/www.gmj.si\/en\/wiredrawing-machine\/"]}]},{"@type":"ImageObject","inLanguage":"en-US","@id":"https:\/\/www.gmj.si\/en\/wiredrawing-machine\/#primaryimage","url":"https:\/\/www.gmj.si\/wp-content\/uploads\/2022\/10\/M-9662-10.5.1979-scaled.jpg","contentUrl":"https:\/\/www.gmj.si\/wp-content\/uploads\/2022\/10\/M-9662-10.5.1979-scaled.jpg"},{"@type":"BreadcrumbList","@id":"https:\/\/www.gmj.si\/en\/wiredrawing-machine\/#breadcrumb","itemListElement":[{"@type":"ListItem","position":1,"name":"Home","item":"https:\/\/www.gmj.si\/en\/"},{"@type":"ListItem","position":2,"name":"WIREDRAWING MACHINE"}]},{"@type":"WebSite","@id":"https:\/\/www.gmj.si\/#website","url":"https:\/\/www.gmj.si\/","name":"Gornjesavski muzej Jesenice","description":"Skrbimo za kulturno in naravno dedi\u0161\u010dino gornjesavske regije","publisher":{"@id":"https:\/\/www.gmj.si\/#organization"},"potentialAction":[{"@type":"SearchAction","target":{"@type":"EntryPoint","urlTemplate":"https:\/\/www.gmj.si\/?s={search_term_string}"},"query-input":{"@type":"PropertyValueSpecification","valueRequired":true,"valueName":"search_term_string"}}],"inLanguage":"en-US"},{"@type":"Organization","@id":"https:\/\/www.gmj.si\/#organization","name":"Gornjesavski muzej Jesenice","url":"https:\/\/www.gmj.si\/","logo":{"@type":"ImageObject","inLanguage":"en-US","@id":"https:\/\/www.gmj.si\/#\/schema\/logo\/image\/","url":"https:\/\/www.gmj.si\/wp-content\/uploads\/2021\/12\/cropped-logo400.png","contentUrl":"https:\/\/www.gmj.si\/wp-content\/uploads\/2021\/12\/cropped-logo400.png","width":512,"height":512,"caption":"Gornjesavski muzej Jesenice"},"image":{"@id":"https:\/\/www.gmj.si\/#\/schema\/logo\/image\/"},"sameAs":["https:\/\/www.facebook.com\/GMJesenice\/"]}]}},"_links":{"self":[{"href":"https:\/\/www.gmj.si\/en\/wp-json\/wp\/v2\/pages\/19212","targetHints":{"allow":["GET"]}}],"collection":[{"href":"https:\/\/www.gmj.si\/en\/wp-json\/wp\/v2\/pages"}],"about":[{"href":"https:\/\/www.gmj.si\/en\/wp-json\/wp\/v2\/types\/page"}],"author":[{"embeddable":true,"href":"https:\/\/www.gmj.si\/en\/wp-json\/wp\/v2\/users\/2"}],"replies":[{"embeddable":true,"href":"https:\/\/www.gmj.si\/en\/wp-json\/wp\/v2\/comments?post=19212"}],"version-history":[{"count":1,"href":"https:\/\/www.gmj.si\/en\/wp-json\/wp\/v2\/pages\/19212\/revisions"}],"predecessor-version":[{"id":19213,"href":"https:\/\/www.gmj.si\/en\/wp-json\/wp\/v2\/pages\/19212\/revisions\/19213"}],"wp:attachment":[{"href":"https:\/\/www.gmj.si\/en\/wp-json\/wp\/v2\/media?parent=19212"}],"curies":[{"name":"wp","href":"https:\/\/api.w.org\/{rel}","templated":true}]}}