{"id":19208,"date":"2022-10-25T13:41:29","date_gmt":"2022-10-25T11:41:29","guid":{"rendered":"https:\/\/www.gmj.si\/?page_id=19208"},"modified":"2022-10-25T13:42:04","modified_gmt":"2022-10-25T11:42:04","slug":"sheet-metal-cutter-2","status":"publish","type":"page","link":"https:\/\/www.gmj.si\/en\/sheet-metal-cutter-2\/","title":{"rendered":"SHEET METAL CUTTER"},"content":{"rendered":"<p>The cutter was made in the first half on the 20th century. It was used in the sheet rolling mill at Javornik. The mill, built in 1933 by brothers Westen, majority owners of the Carniolan Industrial Company and Factory for production of enamelware in Celje, was manufacturing sheet metal for dishes, bodyshells, motors and gutters.\u00a0 There were four cutters in the factory and 117 tons of sheet metal were cut daily. The cutters were driven by a very noisy sprocket. When belt drive was introduced, the noise decreased substantially. In 2020 the machine was renovated within Na\u0161a industrijska dedi\u0161\u010dina na\u0161 ponos (Our industrial heritage \u2013 our pride) Project.<\/p>\n<p><img decoding=\"async\" class=\"alignnone size-full wp-image-19099\" src=\"https:\/\/www.gmj.si\/wp-content\/uploads\/2022\/10\/A-378-poz.-1.10.62-scaled.jpg\" alt=\"\" width=\"2542\" height=\"2560\" srcset=\"https:\/\/www.gmj.si\/wp-content\/uploads\/2022\/10\/A-378-poz.-1.10.62-64x64.jpg 64w, https:\/\/www.gmj.si\/wp-content\/uploads\/2022\/10\/A-378-poz.-1.10.62-66x66.jpg 66w, https:\/\/www.gmj.si\/wp-content\/uploads\/2022\/10\/A-378-poz.-1.10.62-100x100.jpg 100w, https:\/\/www.gmj.si\/wp-content\/uploads\/2022\/10\/A-378-poz.-1.10.62-150x150.jpg 150w, https:\/\/www.gmj.si\/wp-content\/uploads\/2022\/10\/A-378-poz.-1.10.62-200x201.jpg 200w, https:\/\/www.gmj.si\/wp-content\/uploads\/2022\/10\/A-378-poz.-1.10.62-298x300.jpg 298w, https:\/\/www.gmj.si\/wp-content\/uploads\/2022\/10\/A-378-poz.-1.10.62-300x302.jpg 300w, https:\/\/www.gmj.si\/wp-content\/uploads\/2022\/10\/A-378-poz.-1.10.62-400x403.jpg 400w, https:\/\/www.gmj.si\/wp-content\/uploads\/2022\/10\/A-378-poz.-1.10.62-600x604.jpg 600w, https:\/\/www.gmj.si\/wp-content\/uploads\/2022\/10\/A-378-poz.-1.10.62-768x773.jpg 768w, https:\/\/www.gmj.si\/wp-content\/uploads\/2022\/10\/A-378-poz.-1.10.62-800x806.jpg 800w, https:\/\/www.gmj.si\/wp-content\/uploads\/2022\/10\/A-378-poz.-1.10.62-1017x1024.jpg 1017w, https:\/\/www.gmj.si\/wp-content\/uploads\/2022\/10\/A-378-poz.-1.10.62-1200x1209.jpg 1200w, https:\/\/www.gmj.si\/wp-content\/uploads\/2022\/10\/A-378-poz.-1.10.62-1525x1536.jpg 1525w, https:\/\/www.gmj.si\/wp-content\/uploads\/2022\/10\/A-378-poz.-1.10.62-scaled.jpg 2542w\" sizes=\"(max-width: 2542px) 100vw, 2542px\" \/>Sheet metal plant in 1962<\/p>\n<p>&nbsp;<\/p>\n","protected":false},"excerpt":{"rendered":"<p>The cutter was made in the first half on the  [&#8230;]<\/p>\n","protected":false},"author":2,"featured_media":0,"parent":0,"menu_order":0,"comment_status":"closed","ping_status":"closed","template":"","meta":{"footnotes":""},"class_list":["post-19208","page","type-page","status-publish","hentry"],"yoast_head":"<!-- This site is optimized with the Yoast SEO plugin v27.6 - https:\/\/yoast.com\/product\/yoast-seo-wordpress\/ -->\n<title>SHEET METAL CUTTER - Gornjesavski muzej Jesenice<\/title>\n<meta name=\"robots\" content=\"index, follow, max-snippet:-1, max-image-preview:large, max-video-preview:-1\" \/>\n<link rel=\"canonical\" href=\"https:\/\/www.gmj.si\/en\/sheet-metal-cutter-2\/\" \/>\n<meta property=\"og:locale\" content=\"en_US\" \/>\n<meta property=\"og:type\" content=\"article\" \/>\n<meta property=\"og:title\" content=\"SHEET METAL CUTTER - Gornjesavski muzej Jesenice\" \/>\n<meta property=\"og:description\" content=\"The cutter was made in the first half on the [...]\" \/>\n<meta property=\"og:url\" content=\"https:\/\/www.gmj.si\/en\/sheet-metal-cutter-2\/\" \/>\n<meta property=\"og:site_name\" content=\"Gornjesavski muzej Jesenice\" \/>\n<meta property=\"article:publisher\" content=\"https:\/\/www.facebook.com\/GMJesenice\/\" \/>\n<meta property=\"article:modified_time\" content=\"2022-10-25T11:42:04+00:00\" \/>\n<meta property=\"og:image\" content=\"https:\/\/www.gmj.si\/wp-content\/uploads\/2022\/10\/A-378-poz.-1.10.62-scaled.jpg\" \/>\n<meta name=\"twitter:card\" content=\"summary_large_image\" \/>\n<meta name=\"twitter:label1\" content=\"Est. reading time\" \/>\n\t<meta name=\"twitter:data1\" content=\"1 minute\" \/>\n<script type=\"application\/ld+json\" class=\"yoast-schema-graph\">{\"@context\":\"https:\\\/\\\/schema.org\",\"@graph\":[{\"@type\":\"WebPage\",\"@id\":\"https:\\\/\\\/www.gmj.si\\\/en\\\/sheet-metal-cutter-2\\\/\",\"url\":\"https:\\\/\\\/www.gmj.si\\\/en\\\/sheet-metal-cutter-2\\\/\",\"name\":\"SHEET METAL CUTTER - Gornjesavski muzej Jesenice\",\"isPartOf\":{\"@id\":\"https:\\\/\\\/www.gmj.si\\\/#website\"},\"primaryImageOfPage\":{\"@id\":\"https:\\\/\\\/www.gmj.si\\\/en\\\/sheet-metal-cutter-2\\\/#primaryimage\"},\"image\":{\"@id\":\"https:\\\/\\\/www.gmj.si\\\/en\\\/sheet-metal-cutter-2\\\/#primaryimage\"},\"thumbnailUrl\":\"https:\\\/\\\/www.gmj.si\\\/wp-content\\\/uploads\\\/2022\\\/10\\\/A-378-poz.-1.10.62-scaled.jpg\",\"datePublished\":\"2022-10-25T11:41:29+00:00\",\"dateModified\":\"2022-10-25T11:42:04+00:00\",\"breadcrumb\":{\"@id\":\"https:\\\/\\\/www.gmj.si\\\/en\\\/sheet-metal-cutter-2\\\/#breadcrumb\"},\"inLanguage\":\"en-US\",\"potentialAction\":[{\"@type\":\"ReadAction\",\"target\":[\"https:\\\/\\\/www.gmj.si\\\/en\\\/sheet-metal-cutter-2\\\/\"]}]},{\"@type\":\"ImageObject\",\"inLanguage\":\"en-US\",\"@id\":\"https:\\\/\\\/www.gmj.si\\\/en\\\/sheet-metal-cutter-2\\\/#primaryimage\",\"url\":\"https:\\\/\\\/www.gmj.si\\\/wp-content\\\/uploads\\\/2022\\\/10\\\/A-378-poz.-1.10.62-scaled.jpg\",\"contentUrl\":\"https:\\\/\\\/www.gmj.si\\\/wp-content\\\/uploads\\\/2022\\\/10\\\/A-378-poz.-1.10.62-scaled.jpg\"},{\"@type\":\"BreadcrumbList\",\"@id\":\"https:\\\/\\\/www.gmj.si\\\/en\\\/sheet-metal-cutter-2\\\/#breadcrumb\",\"itemListElement\":[{\"@type\":\"ListItem\",\"position\":1,\"name\":\"Home\",\"item\":\"https:\\\/\\\/www.gmj.si\\\/en\\\/\"},{\"@type\":\"ListItem\",\"position\":2,\"name\":\"SHEET METAL CUTTER\"}]},{\"@type\":\"WebSite\",\"@id\":\"https:\\\/\\\/www.gmj.si\\\/#website\",\"url\":\"https:\\\/\\\/www.gmj.si\\\/\",\"name\":\"Gornjesavski muzej Jesenice\",\"description\":\"Skrbimo za kulturno in naravno dedi\u0161\u010dino gornjesavske regije\",\"publisher\":{\"@id\":\"https:\\\/\\\/www.gmj.si\\\/#organization\"},\"potentialAction\":[{\"@type\":\"SearchAction\",\"target\":{\"@type\":\"EntryPoint\",\"urlTemplate\":\"https:\\\/\\\/www.gmj.si\\\/?s={search_term_string}\"},\"query-input\":{\"@type\":\"PropertyValueSpecification\",\"valueRequired\":true,\"valueName\":\"search_term_string\"}}],\"inLanguage\":\"en-US\"},{\"@type\":\"Organization\",\"@id\":\"https:\\\/\\\/www.gmj.si\\\/#organization\",\"name\":\"Gornjesavski muzej Jesenice\",\"url\":\"https:\\\/\\\/www.gmj.si\\\/\",\"logo\":{\"@type\":\"ImageObject\",\"inLanguage\":\"en-US\",\"@id\":\"https:\\\/\\\/www.gmj.si\\\/#\\\/schema\\\/logo\\\/image\\\/\",\"url\":\"https:\\\/\\\/www.gmj.si\\\/wp-content\\\/uploads\\\/2021\\\/12\\\/cropped-logo400.png\",\"contentUrl\":\"https:\\\/\\\/www.gmj.si\\\/wp-content\\\/uploads\\\/2021\\\/12\\\/cropped-logo400.png\",\"width\":512,\"height\":512,\"caption\":\"Gornjesavski muzej Jesenice\"},\"image\":{\"@id\":\"https:\\\/\\\/www.gmj.si\\\/#\\\/schema\\\/logo\\\/image\\\/\"},\"sameAs\":[\"https:\\\/\\\/www.facebook.com\\\/GMJesenice\\\/\"]}]}<\/script>\n<!-- \/ Yoast SEO plugin. -->","yoast_head_json":{"title":"SHEET METAL CUTTER - Gornjesavski muzej Jesenice","robots":{"index":"index","follow":"follow","max-snippet":"max-snippet:-1","max-image-preview":"max-image-preview:large","max-video-preview":"max-video-preview:-1"},"canonical":"https:\/\/www.gmj.si\/en\/sheet-metal-cutter-2\/","og_locale":"en_US","og_type":"article","og_title":"SHEET METAL CUTTER - Gornjesavski muzej Jesenice","og_description":"The cutter was made in the first half on the [...]","og_url":"https:\/\/www.gmj.si\/en\/sheet-metal-cutter-2\/","og_site_name":"Gornjesavski muzej Jesenice","article_publisher":"https:\/\/www.facebook.com\/GMJesenice\/","article_modified_time":"2022-10-25T11:42:04+00:00","og_image":[{"url":"https:\/\/www.gmj.si\/wp-content\/uploads\/2022\/10\/A-378-poz.-1.10.62-scaled.jpg","type":"","width":"","height":""}],"twitter_card":"summary_large_image","twitter_misc":{"Est. reading time":"1 minute"},"schema":{"@context":"https:\/\/schema.org","@graph":[{"@type":"WebPage","@id":"https:\/\/www.gmj.si\/en\/sheet-metal-cutter-2\/","url":"https:\/\/www.gmj.si\/en\/sheet-metal-cutter-2\/","name":"SHEET METAL CUTTER - Gornjesavski muzej Jesenice","isPartOf":{"@id":"https:\/\/www.gmj.si\/#website"},"primaryImageOfPage":{"@id":"https:\/\/www.gmj.si\/en\/sheet-metal-cutter-2\/#primaryimage"},"image":{"@id":"https:\/\/www.gmj.si\/en\/sheet-metal-cutter-2\/#primaryimage"},"thumbnailUrl":"https:\/\/www.gmj.si\/wp-content\/uploads\/2022\/10\/A-378-poz.-1.10.62-scaled.jpg","datePublished":"2022-10-25T11:41:29+00:00","dateModified":"2022-10-25T11:42:04+00:00","breadcrumb":{"@id":"https:\/\/www.gmj.si\/en\/sheet-metal-cutter-2\/#breadcrumb"},"inLanguage":"en-US","potentialAction":[{"@type":"ReadAction","target":["https:\/\/www.gmj.si\/en\/sheet-metal-cutter-2\/"]}]},{"@type":"ImageObject","inLanguage":"en-US","@id":"https:\/\/www.gmj.si\/en\/sheet-metal-cutter-2\/#primaryimage","url":"https:\/\/www.gmj.si\/wp-content\/uploads\/2022\/10\/A-378-poz.-1.10.62-scaled.jpg","contentUrl":"https:\/\/www.gmj.si\/wp-content\/uploads\/2022\/10\/A-378-poz.-1.10.62-scaled.jpg"},{"@type":"BreadcrumbList","@id":"https:\/\/www.gmj.si\/en\/sheet-metal-cutter-2\/#breadcrumb","itemListElement":[{"@type":"ListItem","position":1,"name":"Home","item":"https:\/\/www.gmj.si\/en\/"},{"@type":"ListItem","position":2,"name":"SHEET METAL CUTTER"}]},{"@type":"WebSite","@id":"https:\/\/www.gmj.si\/#website","url":"https:\/\/www.gmj.si\/","name":"Gornjesavski muzej Jesenice","description":"Skrbimo za kulturno in naravno dedi\u0161\u010dino gornjesavske regije","publisher":{"@id":"https:\/\/www.gmj.si\/#organization"},"potentialAction":[{"@type":"SearchAction","target":{"@type":"EntryPoint","urlTemplate":"https:\/\/www.gmj.si\/?s={search_term_string}"},"query-input":{"@type":"PropertyValueSpecification","valueRequired":true,"valueName":"search_term_string"}}],"inLanguage":"en-US"},{"@type":"Organization","@id":"https:\/\/www.gmj.si\/#organization","name":"Gornjesavski muzej Jesenice","url":"https:\/\/www.gmj.si\/","logo":{"@type":"ImageObject","inLanguage":"en-US","@id":"https:\/\/www.gmj.si\/#\/schema\/logo\/image\/","url":"https:\/\/www.gmj.si\/wp-content\/uploads\/2021\/12\/cropped-logo400.png","contentUrl":"https:\/\/www.gmj.si\/wp-content\/uploads\/2021\/12\/cropped-logo400.png","width":512,"height":512,"caption":"Gornjesavski muzej Jesenice"},"image":{"@id":"https:\/\/www.gmj.si\/#\/schema\/logo\/image\/"},"sameAs":["https:\/\/www.facebook.com\/GMJesenice\/"]}]}},"_links":{"self":[{"href":"https:\/\/www.gmj.si\/en\/wp-json\/wp\/v2\/pages\/19208","targetHints":{"allow":["GET"]}}],"collection":[{"href":"https:\/\/www.gmj.si\/en\/wp-json\/wp\/v2\/pages"}],"about":[{"href":"https:\/\/www.gmj.si\/en\/wp-json\/wp\/v2\/types\/page"}],"author":[{"embeddable":true,"href":"https:\/\/www.gmj.si\/en\/wp-json\/wp\/v2\/users\/2"}],"replies":[{"embeddable":true,"href":"https:\/\/www.gmj.si\/en\/wp-json\/wp\/v2\/comments?post=19208"}],"version-history":[{"count":1,"href":"https:\/\/www.gmj.si\/en\/wp-json\/wp\/v2\/pages\/19208\/revisions"}],"predecessor-version":[{"id":19209,"href":"https:\/\/www.gmj.si\/en\/wp-json\/wp\/v2\/pages\/19208\/revisions\/19209"}],"wp:attachment":[{"href":"https:\/\/www.gmj.si\/en\/wp-json\/wp\/v2\/media?parent=19208"}],"curies":[{"name":"wp","href":"https:\/\/api.w.org\/{rel}","templated":true}]}}