{"id":19202,"date":"2022-10-25T13:34:13","date_gmt":"2022-10-25T11:34:13","guid":{"rendered":"https:\/\/www.gmj.si\/?page_id=19202"},"modified":"2022-10-25T14:49:37","modified_gmt":"2022-10-25T12:49:37","slug":"mixer-for-fire-resistant-bricks","status":"publish","type":"page","link":"https:\/\/www.gmj.si\/en\/mixer-for-fire-resistant-bricks\/","title":{"rendered":"MIXER FOR FIRE-RESISTANT BRICKS"},"content":{"rendered":"<p>The mixer was used for preparing material for manufacturing fire-resistant bricks in Jesenice brickworks. It was used to line blast furnace, foundry and steelworks ladles. It was renovated in 2020 within Na\u0161a industrijska dedi\u0161\u010dina na\u0161 ponos (Our industrial heritage \u2013 our pride) Project.<\/p>\n<p><img decoding=\"async\" class=\"alignnone size-full wp-image-19107\" src=\"https:\/\/www.gmj.si\/wp-content\/uploads\/2022\/10\/L-200117.2.1962-Kopija.jpg\" alt=\"\" width=\"2009\" height=\"1350\" srcset=\"https:\/\/www.gmj.si\/wp-content\/uploads\/2022\/10\/L-200117.2.1962-Kopija-64x43.jpg 64w, https:\/\/www.gmj.si\/wp-content\/uploads\/2022\/10\/L-200117.2.1962-Kopija-200x134.jpg 200w, https:\/\/www.gmj.si\/wp-content\/uploads\/2022\/10\/L-200117.2.1962-Kopija-300x202.jpg 300w, https:\/\/www.gmj.si\/wp-content\/uploads\/2022\/10\/L-200117.2.1962-Kopija-400x269.jpg 400w, https:\/\/www.gmj.si\/wp-content\/uploads\/2022\/10\/L-200117.2.1962-Kopija-600x403.jpg 600w, https:\/\/www.gmj.si\/wp-content\/uploads\/2022\/10\/L-200117.2.1962-Kopija-768x516.jpg 768w, https:\/\/www.gmj.si\/wp-content\/uploads\/2022\/10\/L-200117.2.1962-Kopija-800x538.jpg 800w, https:\/\/www.gmj.si\/wp-content\/uploads\/2022\/10\/L-200117.2.1962-Kopija-1024x688.jpg 1024w, https:\/\/www.gmj.si\/wp-content\/uploads\/2022\/10\/L-200117.2.1962-Kopija-1200x806.jpg 1200w, https:\/\/www.gmj.si\/wp-content\/uploads\/2022\/10\/L-200117.2.1962-Kopija-1536x1032.jpg 1536w, https:\/\/www.gmj.si\/wp-content\/uploads\/2022\/10\/L-200117.2.1962-Kopija.jpg 2009w\" sizes=\"(max-width: 2009px) 100vw, 2009px\" \/>Manufacturing of fire-resistant bricks in 1962<\/p>\n","protected":false},"excerpt":{"rendered":"<p>The mixer was used for preparing material for manufacturing fire-resistant  [&#8230;]<\/p>\n","protected":false},"author":2,"featured_media":0,"parent":0,"menu_order":0,"comment_status":"closed","ping_status":"closed","template":"","meta":{"footnotes":""},"class_list":["post-19202","page","type-page","status-publish","hentry"],"yoast_head":"<!-- This site is optimized with the Yoast SEO plugin v27.6 - https:\/\/yoast.com\/product\/yoast-seo-wordpress\/ -->\n<title>MIXER FOR FIRE-RESISTANT BRICKS - Gornjesavski muzej Jesenice<\/title>\n<meta name=\"robots\" content=\"index, follow, max-snippet:-1, max-image-preview:large, max-video-preview:-1\" \/>\n<link rel=\"canonical\" href=\"https:\/\/www.gmj.si\/en\/mixer-for-fire-resistant-bricks\/\" \/>\n<meta property=\"og:locale\" content=\"en_US\" \/>\n<meta property=\"og:type\" content=\"article\" \/>\n<meta property=\"og:title\" content=\"MIXER FOR FIRE-RESISTANT BRICKS - Gornjesavski muzej Jesenice\" \/>\n<meta property=\"og:description\" content=\"The mixer was used for preparing material for manufacturing fire-resistant [...]\" \/>\n<meta property=\"og:url\" content=\"https:\/\/www.gmj.si\/en\/mixer-for-fire-resistant-bricks\/\" \/>\n<meta property=\"og:site_name\" content=\"Gornjesavski muzej Jesenice\" \/>\n<meta property=\"article:publisher\" content=\"https:\/\/www.facebook.com\/GMJesenice\/\" \/>\n<meta property=\"article:modified_time\" content=\"2022-10-25T12:49:37+00:00\" \/>\n<meta property=\"og:image\" content=\"https:\/\/www.gmj.si\/wp-content\/uploads\/2022\/10\/L-200117.2.1962-Kopija.jpg\" \/>\n<meta name=\"twitter:card\" content=\"summary_large_image\" \/>\n<script type=\"application\/ld+json\" class=\"yoast-schema-graph\">{\"@context\":\"https:\\\/\\\/schema.org\",\"@graph\":[{\"@type\":\"WebPage\",\"@id\":\"https:\\\/\\\/www.gmj.si\\\/en\\\/mixer-for-fire-resistant-bricks\\\/\",\"url\":\"https:\\\/\\\/www.gmj.si\\\/en\\\/mixer-for-fire-resistant-bricks\\\/\",\"name\":\"MIXER FOR FIRE-RESISTANT BRICKS - Gornjesavski muzej Jesenice\",\"isPartOf\":{\"@id\":\"https:\\\/\\\/www.gmj.si\\\/#website\"},\"primaryImageOfPage\":{\"@id\":\"https:\\\/\\\/www.gmj.si\\\/en\\\/mixer-for-fire-resistant-bricks\\\/#primaryimage\"},\"image\":{\"@id\":\"https:\\\/\\\/www.gmj.si\\\/en\\\/mixer-for-fire-resistant-bricks\\\/#primaryimage\"},\"thumbnailUrl\":\"https:\\\/\\\/www.gmj.si\\\/wp-content\\\/uploads\\\/2022\\\/10\\\/L-200117.2.1962-Kopija.jpg\",\"datePublished\":\"2022-10-25T11:34:13+00:00\",\"dateModified\":\"2022-10-25T12:49:37+00:00\",\"breadcrumb\":{\"@id\":\"https:\\\/\\\/www.gmj.si\\\/en\\\/mixer-for-fire-resistant-bricks\\\/#breadcrumb\"},\"inLanguage\":\"en-US\",\"potentialAction\":[{\"@type\":\"ReadAction\",\"target\":[\"https:\\\/\\\/www.gmj.si\\\/en\\\/mixer-for-fire-resistant-bricks\\\/\"]}]},{\"@type\":\"ImageObject\",\"inLanguage\":\"en-US\",\"@id\":\"https:\\\/\\\/www.gmj.si\\\/en\\\/mixer-for-fire-resistant-bricks\\\/#primaryimage\",\"url\":\"https:\\\/\\\/www.gmj.si\\\/wp-content\\\/uploads\\\/2022\\\/10\\\/L-200117.2.1962-Kopija.jpg\",\"contentUrl\":\"https:\\\/\\\/www.gmj.si\\\/wp-content\\\/uploads\\\/2022\\\/10\\\/L-200117.2.1962-Kopija.jpg\"},{\"@type\":\"BreadcrumbList\",\"@id\":\"https:\\\/\\\/www.gmj.si\\\/en\\\/mixer-for-fire-resistant-bricks\\\/#breadcrumb\",\"itemListElement\":[{\"@type\":\"ListItem\",\"position\":1,\"name\":\"Home\",\"item\":\"https:\\\/\\\/www.gmj.si\\\/en\\\/\"},{\"@type\":\"ListItem\",\"position\":2,\"name\":\"MIXER FOR FIRE-RESISTANT BRICKS\"}]},{\"@type\":\"WebSite\",\"@id\":\"https:\\\/\\\/www.gmj.si\\\/#website\",\"url\":\"https:\\\/\\\/www.gmj.si\\\/\",\"name\":\"Gornjesavski muzej Jesenice\",\"description\":\"Skrbimo za kulturno in naravno dedi\u0161\u010dino gornjesavske regije\",\"publisher\":{\"@id\":\"https:\\\/\\\/www.gmj.si\\\/#organization\"},\"potentialAction\":[{\"@type\":\"SearchAction\",\"target\":{\"@type\":\"EntryPoint\",\"urlTemplate\":\"https:\\\/\\\/www.gmj.si\\\/?s={search_term_string}\"},\"query-input\":{\"@type\":\"PropertyValueSpecification\",\"valueRequired\":true,\"valueName\":\"search_term_string\"}}],\"inLanguage\":\"en-US\"},{\"@type\":\"Organization\",\"@id\":\"https:\\\/\\\/www.gmj.si\\\/#organization\",\"name\":\"Gornjesavski muzej Jesenice\",\"url\":\"https:\\\/\\\/www.gmj.si\\\/\",\"logo\":{\"@type\":\"ImageObject\",\"inLanguage\":\"en-US\",\"@id\":\"https:\\\/\\\/www.gmj.si\\\/#\\\/schema\\\/logo\\\/image\\\/\",\"url\":\"https:\\\/\\\/www.gmj.si\\\/wp-content\\\/uploads\\\/2021\\\/12\\\/cropped-logo400.png\",\"contentUrl\":\"https:\\\/\\\/www.gmj.si\\\/wp-content\\\/uploads\\\/2021\\\/12\\\/cropped-logo400.png\",\"width\":512,\"height\":512,\"caption\":\"Gornjesavski muzej Jesenice\"},\"image\":{\"@id\":\"https:\\\/\\\/www.gmj.si\\\/#\\\/schema\\\/logo\\\/image\\\/\"},\"sameAs\":[\"https:\\\/\\\/www.facebook.com\\\/GMJesenice\\\/\"]}]}<\/script>\n<!-- \/ Yoast SEO plugin. -->","yoast_head_json":{"title":"MIXER FOR FIRE-RESISTANT BRICKS - Gornjesavski muzej Jesenice","robots":{"index":"index","follow":"follow","max-snippet":"max-snippet:-1","max-image-preview":"max-image-preview:large","max-video-preview":"max-video-preview:-1"},"canonical":"https:\/\/www.gmj.si\/en\/mixer-for-fire-resistant-bricks\/","og_locale":"en_US","og_type":"article","og_title":"MIXER FOR FIRE-RESISTANT BRICKS - Gornjesavski muzej Jesenice","og_description":"The mixer was used for preparing material for manufacturing fire-resistant [...]","og_url":"https:\/\/www.gmj.si\/en\/mixer-for-fire-resistant-bricks\/","og_site_name":"Gornjesavski muzej Jesenice","article_publisher":"https:\/\/www.facebook.com\/GMJesenice\/","article_modified_time":"2022-10-25T12:49:37+00:00","og_image":[{"url":"https:\/\/www.gmj.si\/wp-content\/uploads\/2022\/10\/L-200117.2.1962-Kopija.jpg","type":"","width":"","height":""}],"twitter_card":"summary_large_image","schema":{"@context":"https:\/\/schema.org","@graph":[{"@type":"WebPage","@id":"https:\/\/www.gmj.si\/en\/mixer-for-fire-resistant-bricks\/","url":"https:\/\/www.gmj.si\/en\/mixer-for-fire-resistant-bricks\/","name":"MIXER FOR FIRE-RESISTANT BRICKS - Gornjesavski muzej Jesenice","isPartOf":{"@id":"https:\/\/www.gmj.si\/#website"},"primaryImageOfPage":{"@id":"https:\/\/www.gmj.si\/en\/mixer-for-fire-resistant-bricks\/#primaryimage"},"image":{"@id":"https:\/\/www.gmj.si\/en\/mixer-for-fire-resistant-bricks\/#primaryimage"},"thumbnailUrl":"https:\/\/www.gmj.si\/wp-content\/uploads\/2022\/10\/L-200117.2.1962-Kopija.jpg","datePublished":"2022-10-25T11:34:13+00:00","dateModified":"2022-10-25T12:49:37+00:00","breadcrumb":{"@id":"https:\/\/www.gmj.si\/en\/mixer-for-fire-resistant-bricks\/#breadcrumb"},"inLanguage":"en-US","potentialAction":[{"@type":"ReadAction","target":["https:\/\/www.gmj.si\/en\/mixer-for-fire-resistant-bricks\/"]}]},{"@type":"ImageObject","inLanguage":"en-US","@id":"https:\/\/www.gmj.si\/en\/mixer-for-fire-resistant-bricks\/#primaryimage","url":"https:\/\/www.gmj.si\/wp-content\/uploads\/2022\/10\/L-200117.2.1962-Kopija.jpg","contentUrl":"https:\/\/www.gmj.si\/wp-content\/uploads\/2022\/10\/L-200117.2.1962-Kopija.jpg"},{"@type":"BreadcrumbList","@id":"https:\/\/www.gmj.si\/en\/mixer-for-fire-resistant-bricks\/#breadcrumb","itemListElement":[{"@type":"ListItem","position":1,"name":"Home","item":"https:\/\/www.gmj.si\/en\/"},{"@type":"ListItem","position":2,"name":"MIXER FOR FIRE-RESISTANT BRICKS"}]},{"@type":"WebSite","@id":"https:\/\/www.gmj.si\/#website","url":"https:\/\/www.gmj.si\/","name":"Gornjesavski muzej Jesenice","description":"Skrbimo za kulturno in naravno dedi\u0161\u010dino gornjesavske regije","publisher":{"@id":"https:\/\/www.gmj.si\/#organization"},"potentialAction":[{"@type":"SearchAction","target":{"@type":"EntryPoint","urlTemplate":"https:\/\/www.gmj.si\/?s={search_term_string}"},"query-input":{"@type":"PropertyValueSpecification","valueRequired":true,"valueName":"search_term_string"}}],"inLanguage":"en-US"},{"@type":"Organization","@id":"https:\/\/www.gmj.si\/#organization","name":"Gornjesavski muzej Jesenice","url":"https:\/\/www.gmj.si\/","logo":{"@type":"ImageObject","inLanguage":"en-US","@id":"https:\/\/www.gmj.si\/#\/schema\/logo\/image\/","url":"https:\/\/www.gmj.si\/wp-content\/uploads\/2021\/12\/cropped-logo400.png","contentUrl":"https:\/\/www.gmj.si\/wp-content\/uploads\/2021\/12\/cropped-logo400.png","width":512,"height":512,"caption":"Gornjesavski muzej Jesenice"},"image":{"@id":"https:\/\/www.gmj.si\/#\/schema\/logo\/image\/"},"sameAs":["https:\/\/www.facebook.com\/GMJesenice\/"]}]}},"_links":{"self":[{"href":"https:\/\/www.gmj.si\/en\/wp-json\/wp\/v2\/pages\/19202","targetHints":{"allow":["GET"]}}],"collection":[{"href":"https:\/\/www.gmj.si\/en\/wp-json\/wp\/v2\/pages"}],"about":[{"href":"https:\/\/www.gmj.si\/en\/wp-json\/wp\/v2\/types\/page"}],"author":[{"embeddable":true,"href":"https:\/\/www.gmj.si\/en\/wp-json\/wp\/v2\/users\/2"}],"replies":[{"embeddable":true,"href":"https:\/\/www.gmj.si\/en\/wp-json\/wp\/v2\/comments?post=19202"}],"version-history":[{"count":2,"href":"https:\/\/www.gmj.si\/en\/wp-json\/wp\/v2\/pages\/19202\/revisions"}],"predecessor-version":[{"id":19215,"href":"https:\/\/www.gmj.si\/en\/wp-json\/wp\/v2\/pages\/19202\/revisions\/19215"}],"wp:attachment":[{"href":"https:\/\/www.gmj.si\/en\/wp-json\/wp\/v2\/media?parent=19202"}],"curies":[{"name":"wp","href":"https:\/\/api.w.org\/{rel}","templated":true}]}}