{"id":19200,"date":"2022-10-25T13:33:10","date_gmt":"2022-10-25T11:33:10","guid":{"rendered":"https:\/\/www.gmj.si\/?page_id=19200"},"modified":"2022-10-25T13:33:10","modified_gmt":"2022-10-25T11:33:10","slug":"grinding-machine-2","status":"publish","type":"page","link":"https:\/\/www.gmj.si\/en\/grinding-machine-2\/","title":{"rendered":"GRINDING MACHINE"},"content":{"rendered":"<p>Grinding machine from the drawing mill, where drawn round, flat and hexagonal steel was manufactured. Also women worked there. They had to wear protective gloves, a helmet and an apron because oil was leaking from the grinding machine. As their hair could be pulled into the machine, they had to wear a scarf under the helmet, which was controlled strictly. In 2020 the machine was renovated within Na\u0161a industrijska dedi\u0161\u010dina na\u0161 ponos (Our industrial heritage \u2013 our pride) Project.<\/p>\n<p><img decoding=\"async\" class=\"alignnone size-full wp-image-19103\" src=\"https:\/\/www.gmj.si\/wp-content\/uploads\/2022\/10\/cd-Zel-16-17.26-Sodelavka-v-jeklovleki-scaled.jpg\" alt=\"\" width=\"1822\" height=\"2560\" srcset=\"https:\/\/www.gmj.si\/wp-content\/uploads\/2022\/10\/cd-Zel-16-17.26-Sodelavka-v-jeklovleki-64x90.jpg 64w, https:\/\/www.gmj.si\/wp-content\/uploads\/2022\/10\/cd-Zel-16-17.26-Sodelavka-v-jeklovleki-200x281.jpg 200w, https:\/\/www.gmj.si\/wp-content\/uploads\/2022\/10\/cd-Zel-16-17.26-Sodelavka-v-jeklovleki-214x300.jpg 214w, https:\/\/www.gmj.si\/wp-content\/uploads\/2022\/10\/cd-Zel-16-17.26-Sodelavka-v-jeklovleki-300x421.jpg 300w, https:\/\/www.gmj.si\/wp-content\/uploads\/2022\/10\/cd-Zel-16-17.26-Sodelavka-v-jeklovleki-400x562.jpg 400w, https:\/\/www.gmj.si\/wp-content\/uploads\/2022\/10\/cd-Zel-16-17.26-Sodelavka-v-jeklovleki-600x843.jpg 600w, https:\/\/www.gmj.si\/wp-content\/uploads\/2022\/10\/cd-Zel-16-17.26-Sodelavka-v-jeklovleki-729x1024.jpg 729w, https:\/\/www.gmj.si\/wp-content\/uploads\/2022\/10\/cd-Zel-16-17.26-Sodelavka-v-jeklovleki-768x1079.jpg 768w, https:\/\/www.gmj.si\/wp-content\/uploads\/2022\/10\/cd-Zel-16-17.26-Sodelavka-v-jeklovleki-800x1124.jpg 800w, https:\/\/www.gmj.si\/wp-content\/uploads\/2022\/10\/cd-Zel-16-17.26-Sodelavka-v-jeklovleki-1093x1536.jpg 1093w, https:\/\/www.gmj.si\/wp-content\/uploads\/2022\/10\/cd-Zel-16-17.26-Sodelavka-v-jeklovleki-1200x1686.jpg 1200w, https:\/\/www.gmj.si\/wp-content\/uploads\/2022\/10\/cd-Zel-16-17.26-Sodelavka-v-jeklovleki-1458x2048.jpg 1458w, https:\/\/www.gmj.si\/wp-content\/uploads\/2022\/10\/cd-Zel-16-17.26-Sodelavka-v-jeklovleki-scaled.jpg 1822w\" sizes=\"(max-width: 1822px) 100vw, 1822px\" \/><\/p>\n<p>A female worker at the grinding machine in 1977<\/p>\n","protected":false},"excerpt":{"rendered":"<p>Grinding machine from the drawing mill, where drawn round, flat  [&#8230;]<\/p>\n","protected":false},"author":2,"featured_media":0,"parent":0,"menu_order":0,"comment_status":"closed","ping_status":"closed","template":"","meta":{"footnotes":""},"class_list":["post-19200","page","type-page","status-publish","hentry"],"yoast_head":"<!-- This site is optimized with the Yoast SEO plugin v27.6 - https:\/\/yoast.com\/product\/yoast-seo-wordpress\/ -->\n<title>GRINDING MACHINE - Gornjesavski muzej Jesenice<\/title>\n<meta name=\"robots\" content=\"index, follow, max-snippet:-1, max-image-preview:large, max-video-preview:-1\" \/>\n<link rel=\"canonical\" href=\"https:\/\/www.gmj.si\/en\/grinding-machine-2\/\" \/>\n<meta property=\"og:locale\" content=\"en_US\" \/>\n<meta property=\"og:type\" content=\"article\" \/>\n<meta property=\"og:title\" content=\"GRINDING MACHINE - Gornjesavski muzej Jesenice\" \/>\n<meta property=\"og:description\" content=\"Grinding machine from the drawing mill, where drawn round, flat [...]\" \/>\n<meta property=\"og:url\" content=\"https:\/\/www.gmj.si\/en\/grinding-machine-2\/\" \/>\n<meta property=\"og:site_name\" content=\"Gornjesavski muzej Jesenice\" \/>\n<meta property=\"article:publisher\" content=\"https:\/\/www.facebook.com\/GMJesenice\/\" \/>\n<meta property=\"og:image\" content=\"https:\/\/www.gmj.si\/wp-content\/uploads\/2022\/10\/cd-Zel-16-17.26-Sodelavka-v-jeklovleki-scaled.jpg\" \/>\n<meta name=\"twitter:card\" content=\"summary_large_image\" \/>\n<script type=\"application\/ld+json\" class=\"yoast-schema-graph\">{\"@context\":\"https:\\\/\\\/schema.org\",\"@graph\":[{\"@type\":\"WebPage\",\"@id\":\"https:\\\/\\\/www.gmj.si\\\/en\\\/grinding-machine-2\\\/\",\"url\":\"https:\\\/\\\/www.gmj.si\\\/en\\\/grinding-machine-2\\\/\",\"name\":\"GRINDING MACHINE - Gornjesavski muzej Jesenice\",\"isPartOf\":{\"@id\":\"https:\\\/\\\/www.gmj.si\\\/#website\"},\"primaryImageOfPage\":{\"@id\":\"https:\\\/\\\/www.gmj.si\\\/en\\\/grinding-machine-2\\\/#primaryimage\"},\"image\":{\"@id\":\"https:\\\/\\\/www.gmj.si\\\/en\\\/grinding-machine-2\\\/#primaryimage\"},\"thumbnailUrl\":\"https:\\\/\\\/www.gmj.si\\\/wp-content\\\/uploads\\\/2022\\\/10\\\/cd-Zel-16-17.26-Sodelavka-v-jeklovleki-scaled.jpg\",\"datePublished\":\"2022-10-25T11:33:10+00:00\",\"breadcrumb\":{\"@id\":\"https:\\\/\\\/www.gmj.si\\\/en\\\/grinding-machine-2\\\/#breadcrumb\"},\"inLanguage\":\"en-US\",\"potentialAction\":[{\"@type\":\"ReadAction\",\"target\":[\"https:\\\/\\\/www.gmj.si\\\/en\\\/grinding-machine-2\\\/\"]}]},{\"@type\":\"ImageObject\",\"inLanguage\":\"en-US\",\"@id\":\"https:\\\/\\\/www.gmj.si\\\/en\\\/grinding-machine-2\\\/#primaryimage\",\"url\":\"https:\\\/\\\/www.gmj.si\\\/wp-content\\\/uploads\\\/2022\\\/10\\\/cd-Zel-16-17.26-Sodelavka-v-jeklovleki-scaled.jpg\",\"contentUrl\":\"https:\\\/\\\/www.gmj.si\\\/wp-content\\\/uploads\\\/2022\\\/10\\\/cd-Zel-16-17.26-Sodelavka-v-jeklovleki-scaled.jpg\"},{\"@type\":\"BreadcrumbList\",\"@id\":\"https:\\\/\\\/www.gmj.si\\\/en\\\/grinding-machine-2\\\/#breadcrumb\",\"itemListElement\":[{\"@type\":\"ListItem\",\"position\":1,\"name\":\"Home\",\"item\":\"https:\\\/\\\/www.gmj.si\\\/en\\\/\"},{\"@type\":\"ListItem\",\"position\":2,\"name\":\"GRINDING MACHINE\"}]},{\"@type\":\"WebSite\",\"@id\":\"https:\\\/\\\/www.gmj.si\\\/#website\",\"url\":\"https:\\\/\\\/www.gmj.si\\\/\",\"name\":\"Gornjesavski muzej Jesenice\",\"description\":\"Skrbimo za kulturno in naravno dedi\u0161\u010dino gornjesavske regije\",\"publisher\":{\"@id\":\"https:\\\/\\\/www.gmj.si\\\/#organization\"},\"potentialAction\":[{\"@type\":\"SearchAction\",\"target\":{\"@type\":\"EntryPoint\",\"urlTemplate\":\"https:\\\/\\\/www.gmj.si\\\/?s={search_term_string}\"},\"query-input\":{\"@type\":\"PropertyValueSpecification\",\"valueRequired\":true,\"valueName\":\"search_term_string\"}}],\"inLanguage\":\"en-US\"},{\"@type\":\"Organization\",\"@id\":\"https:\\\/\\\/www.gmj.si\\\/#organization\",\"name\":\"Gornjesavski muzej Jesenice\",\"url\":\"https:\\\/\\\/www.gmj.si\\\/\",\"logo\":{\"@type\":\"ImageObject\",\"inLanguage\":\"en-US\",\"@id\":\"https:\\\/\\\/www.gmj.si\\\/#\\\/schema\\\/logo\\\/image\\\/\",\"url\":\"https:\\\/\\\/www.gmj.si\\\/wp-content\\\/uploads\\\/2021\\\/12\\\/cropped-logo400.png\",\"contentUrl\":\"https:\\\/\\\/www.gmj.si\\\/wp-content\\\/uploads\\\/2021\\\/12\\\/cropped-logo400.png\",\"width\":512,\"height\":512,\"caption\":\"Gornjesavski muzej Jesenice\"},\"image\":{\"@id\":\"https:\\\/\\\/www.gmj.si\\\/#\\\/schema\\\/logo\\\/image\\\/\"},\"sameAs\":[\"https:\\\/\\\/www.facebook.com\\\/GMJesenice\\\/\"]}]}<\/script>\n<!-- \/ Yoast SEO plugin. -->","yoast_head_json":{"title":"GRINDING MACHINE - Gornjesavski muzej Jesenice","robots":{"index":"index","follow":"follow","max-snippet":"max-snippet:-1","max-image-preview":"max-image-preview:large","max-video-preview":"max-video-preview:-1"},"canonical":"https:\/\/www.gmj.si\/en\/grinding-machine-2\/","og_locale":"en_US","og_type":"article","og_title":"GRINDING MACHINE - Gornjesavski muzej Jesenice","og_description":"Grinding machine from the drawing mill, where drawn round, flat [...]","og_url":"https:\/\/www.gmj.si\/en\/grinding-machine-2\/","og_site_name":"Gornjesavski muzej Jesenice","article_publisher":"https:\/\/www.facebook.com\/GMJesenice\/","og_image":[{"url":"https:\/\/www.gmj.si\/wp-content\/uploads\/2022\/10\/cd-Zel-16-17.26-Sodelavka-v-jeklovleki-scaled.jpg","type":"","width":"","height":""}],"twitter_card":"summary_large_image","schema":{"@context":"https:\/\/schema.org","@graph":[{"@type":"WebPage","@id":"https:\/\/www.gmj.si\/en\/grinding-machine-2\/","url":"https:\/\/www.gmj.si\/en\/grinding-machine-2\/","name":"GRINDING MACHINE - Gornjesavski muzej Jesenice","isPartOf":{"@id":"https:\/\/www.gmj.si\/#website"},"primaryImageOfPage":{"@id":"https:\/\/www.gmj.si\/en\/grinding-machine-2\/#primaryimage"},"image":{"@id":"https:\/\/www.gmj.si\/en\/grinding-machine-2\/#primaryimage"},"thumbnailUrl":"https:\/\/www.gmj.si\/wp-content\/uploads\/2022\/10\/cd-Zel-16-17.26-Sodelavka-v-jeklovleki-scaled.jpg","datePublished":"2022-10-25T11:33:10+00:00","breadcrumb":{"@id":"https:\/\/www.gmj.si\/en\/grinding-machine-2\/#breadcrumb"},"inLanguage":"en-US","potentialAction":[{"@type":"ReadAction","target":["https:\/\/www.gmj.si\/en\/grinding-machine-2\/"]}]},{"@type":"ImageObject","inLanguage":"en-US","@id":"https:\/\/www.gmj.si\/en\/grinding-machine-2\/#primaryimage","url":"https:\/\/www.gmj.si\/wp-content\/uploads\/2022\/10\/cd-Zel-16-17.26-Sodelavka-v-jeklovleki-scaled.jpg","contentUrl":"https:\/\/www.gmj.si\/wp-content\/uploads\/2022\/10\/cd-Zel-16-17.26-Sodelavka-v-jeklovleki-scaled.jpg"},{"@type":"BreadcrumbList","@id":"https:\/\/www.gmj.si\/en\/grinding-machine-2\/#breadcrumb","itemListElement":[{"@type":"ListItem","position":1,"name":"Home","item":"https:\/\/www.gmj.si\/en\/"},{"@type":"ListItem","position":2,"name":"GRINDING MACHINE"}]},{"@type":"WebSite","@id":"https:\/\/www.gmj.si\/#website","url":"https:\/\/www.gmj.si\/","name":"Gornjesavski muzej Jesenice","description":"Skrbimo za kulturno in naravno dedi\u0161\u010dino gornjesavske regije","publisher":{"@id":"https:\/\/www.gmj.si\/#organization"},"potentialAction":[{"@type":"SearchAction","target":{"@type":"EntryPoint","urlTemplate":"https:\/\/www.gmj.si\/?s={search_term_string}"},"query-input":{"@type":"PropertyValueSpecification","valueRequired":true,"valueName":"search_term_string"}}],"inLanguage":"en-US"},{"@type":"Organization","@id":"https:\/\/www.gmj.si\/#organization","name":"Gornjesavski muzej Jesenice","url":"https:\/\/www.gmj.si\/","logo":{"@type":"ImageObject","inLanguage":"en-US","@id":"https:\/\/www.gmj.si\/#\/schema\/logo\/image\/","url":"https:\/\/www.gmj.si\/wp-content\/uploads\/2021\/12\/cropped-logo400.png","contentUrl":"https:\/\/www.gmj.si\/wp-content\/uploads\/2021\/12\/cropped-logo400.png","width":512,"height":512,"caption":"Gornjesavski muzej Jesenice"},"image":{"@id":"https:\/\/www.gmj.si\/#\/schema\/logo\/image\/"},"sameAs":["https:\/\/www.facebook.com\/GMJesenice\/"]}]}},"_links":{"self":[{"href":"https:\/\/www.gmj.si\/en\/wp-json\/wp\/v2\/pages\/19200","targetHints":{"allow":["GET"]}}],"collection":[{"href":"https:\/\/www.gmj.si\/en\/wp-json\/wp\/v2\/pages"}],"about":[{"href":"https:\/\/www.gmj.si\/en\/wp-json\/wp\/v2\/types\/page"}],"author":[{"embeddable":true,"href":"https:\/\/www.gmj.si\/en\/wp-json\/wp\/v2\/users\/2"}],"replies":[{"embeddable":true,"href":"https:\/\/www.gmj.si\/en\/wp-json\/wp\/v2\/comments?post=19200"}],"version-history":[{"count":1,"href":"https:\/\/www.gmj.si\/en\/wp-json\/wp\/v2\/pages\/19200\/revisions"}],"predecessor-version":[{"id":19201,"href":"https:\/\/www.gmj.si\/en\/wp-json\/wp\/v2\/pages\/19200\/revisions\/19201"}],"wp:attachment":[{"href":"https:\/\/www.gmj.si\/en\/wp-json\/wp\/v2\/media?parent=19200"}],"curies":[{"name":"wp","href":"https:\/\/api.w.org\/{rel}","templated":true}]}}