{"id":19198,"date":"2022-10-25T13:32:03","date_gmt":"2022-10-25T11:32:03","guid":{"rendered":"https:\/\/www.gmj.si\/?page_id=19198"},"modified":"2022-10-25T13:32:03","modified_gmt":"2022-10-25T11:32:03","slug":"variator-2","status":"publish","type":"page","link":"https:\/\/www.gmj.si\/en\/variator-2\/","title":{"rendered":"VARIATOR"},"content":{"rendered":"<p>Transmission machinery was used in the Jesenice Ironworks. The driving power was transmitted from electric motors to the machines along shafts and pulleys. Pulley speed was adjusted with the variator. Electrical workshop took care of smooth operation of propulsion machinery. Most transmission machinery or variators were in the nailery. One of them was renovated in 2020 within Na\u0161a industrijska dedi\u0161\u010dina na\u0161 ponos (Our industrial heritage \u2013 our pride) Project.<\/p>\n<p><img decoding=\"async\" class=\"alignnone size-full wp-image-19101\" src=\"https:\/\/www.gmj.si\/wp-content\/uploads\/2022\/10\/A-4384-27.2.1968.jpg\" alt=\"\" width=\"1742\" height=\"1364\" srcset=\"https:\/\/www.gmj.si\/wp-content\/uploads\/2022\/10\/A-4384-27.2.1968-64x50.jpg 64w, https:\/\/www.gmj.si\/wp-content\/uploads\/2022\/10\/A-4384-27.2.1968-200x157.jpg 200w, https:\/\/www.gmj.si\/wp-content\/uploads\/2022\/10\/A-4384-27.2.1968-300x235.jpg 300w, https:\/\/www.gmj.si\/wp-content\/uploads\/2022\/10\/A-4384-27.2.1968-400x313.jpg 400w, https:\/\/www.gmj.si\/wp-content\/uploads\/2022\/10\/A-4384-27.2.1968-600x470.jpg 600w, https:\/\/www.gmj.si\/wp-content\/uploads\/2022\/10\/A-4384-27.2.1968-768x601.jpg 768w, https:\/\/www.gmj.si\/wp-content\/uploads\/2022\/10\/A-4384-27.2.1968-800x626.jpg 800w, https:\/\/www.gmj.si\/wp-content\/uploads\/2022\/10\/A-4384-27.2.1968-1024x802.jpg 1024w, https:\/\/www.gmj.si\/wp-content\/uploads\/2022\/10\/A-4384-27.2.1968-1200x940.jpg 1200w, https:\/\/www.gmj.si\/wp-content\/uploads\/2022\/10\/A-4384-27.2.1968-1536x1203.jpg 1536w, https:\/\/www.gmj.si\/wp-content\/uploads\/2022\/10\/A-4384-27.2.1968.jpg 1742w\" sizes=\"(max-width: 1742px) 100vw, 1742px\" \/><\/p>\n<p>In electrical workshop in 1968<\/p>\n","protected":false},"excerpt":{"rendered":"<p>Transmission machinery was used in the Jesenice Ironworks. The driving  [&#8230;]<\/p>\n","protected":false},"author":2,"featured_media":0,"parent":0,"menu_order":0,"comment_status":"closed","ping_status":"closed","template":"","meta":{"footnotes":""},"class_list":["post-19198","page","type-page","status-publish","hentry"],"yoast_head":"<!-- This site is optimized with the Yoast SEO plugin v27.6 - https:\/\/yoast.com\/product\/yoast-seo-wordpress\/ -->\n<title>VARIATOR - Gornjesavski muzej Jesenice<\/title>\n<meta name=\"robots\" content=\"index, follow, max-snippet:-1, max-image-preview:large, max-video-preview:-1\" \/>\n<link rel=\"canonical\" href=\"https:\/\/www.gmj.si\/en\/variator-2\/\" \/>\n<meta property=\"og:locale\" content=\"en_US\" \/>\n<meta property=\"og:type\" content=\"article\" \/>\n<meta property=\"og:title\" content=\"VARIATOR - Gornjesavski muzej Jesenice\" \/>\n<meta property=\"og:description\" content=\"Transmission machinery was used in the Jesenice Ironworks. The driving [...]\" \/>\n<meta property=\"og:url\" content=\"https:\/\/www.gmj.si\/en\/variator-2\/\" \/>\n<meta property=\"og:site_name\" content=\"Gornjesavski muzej Jesenice\" \/>\n<meta property=\"article:publisher\" content=\"https:\/\/www.facebook.com\/GMJesenice\/\" \/>\n<meta property=\"og:image\" content=\"https:\/\/www.gmj.si\/wp-content\/uploads\/2022\/10\/A-4384-27.2.1968.jpg\" \/>\n<meta name=\"twitter:card\" content=\"summary_large_image\" \/>\n<script type=\"application\/ld+json\" class=\"yoast-schema-graph\">{\"@context\":\"https:\\\/\\\/schema.org\",\"@graph\":[{\"@type\":\"WebPage\",\"@id\":\"https:\\\/\\\/www.gmj.si\\\/en\\\/variator-2\\\/\",\"url\":\"https:\\\/\\\/www.gmj.si\\\/en\\\/variator-2\\\/\",\"name\":\"VARIATOR - Gornjesavski muzej Jesenice\",\"isPartOf\":{\"@id\":\"https:\\\/\\\/www.gmj.si\\\/#website\"},\"primaryImageOfPage\":{\"@id\":\"https:\\\/\\\/www.gmj.si\\\/en\\\/variator-2\\\/#primaryimage\"},\"image\":{\"@id\":\"https:\\\/\\\/www.gmj.si\\\/en\\\/variator-2\\\/#primaryimage\"},\"thumbnailUrl\":\"https:\\\/\\\/www.gmj.si\\\/wp-content\\\/uploads\\\/2022\\\/10\\\/A-4384-27.2.1968.jpg\",\"datePublished\":\"2022-10-25T11:32:03+00:00\",\"breadcrumb\":{\"@id\":\"https:\\\/\\\/www.gmj.si\\\/en\\\/variator-2\\\/#breadcrumb\"},\"inLanguage\":\"en-US\",\"potentialAction\":[{\"@type\":\"ReadAction\",\"target\":[\"https:\\\/\\\/www.gmj.si\\\/en\\\/variator-2\\\/\"]}]},{\"@type\":\"ImageObject\",\"inLanguage\":\"en-US\",\"@id\":\"https:\\\/\\\/www.gmj.si\\\/en\\\/variator-2\\\/#primaryimage\",\"url\":\"https:\\\/\\\/www.gmj.si\\\/wp-content\\\/uploads\\\/2022\\\/10\\\/A-4384-27.2.1968.jpg\",\"contentUrl\":\"https:\\\/\\\/www.gmj.si\\\/wp-content\\\/uploads\\\/2022\\\/10\\\/A-4384-27.2.1968.jpg\"},{\"@type\":\"BreadcrumbList\",\"@id\":\"https:\\\/\\\/www.gmj.si\\\/en\\\/variator-2\\\/#breadcrumb\",\"itemListElement\":[{\"@type\":\"ListItem\",\"position\":1,\"name\":\"Home\",\"item\":\"https:\\\/\\\/www.gmj.si\\\/en\\\/\"},{\"@type\":\"ListItem\",\"position\":2,\"name\":\"VARIATOR\"}]},{\"@type\":\"WebSite\",\"@id\":\"https:\\\/\\\/www.gmj.si\\\/#website\",\"url\":\"https:\\\/\\\/www.gmj.si\\\/\",\"name\":\"Gornjesavski muzej Jesenice\",\"description\":\"Skrbimo za kulturno in naravno dedi\u0161\u010dino gornjesavske regije\",\"publisher\":{\"@id\":\"https:\\\/\\\/www.gmj.si\\\/#organization\"},\"potentialAction\":[{\"@type\":\"SearchAction\",\"target\":{\"@type\":\"EntryPoint\",\"urlTemplate\":\"https:\\\/\\\/www.gmj.si\\\/?s={search_term_string}\"},\"query-input\":{\"@type\":\"PropertyValueSpecification\",\"valueRequired\":true,\"valueName\":\"search_term_string\"}}],\"inLanguage\":\"en-US\"},{\"@type\":\"Organization\",\"@id\":\"https:\\\/\\\/www.gmj.si\\\/#organization\",\"name\":\"Gornjesavski muzej Jesenice\",\"url\":\"https:\\\/\\\/www.gmj.si\\\/\",\"logo\":{\"@type\":\"ImageObject\",\"inLanguage\":\"en-US\",\"@id\":\"https:\\\/\\\/www.gmj.si\\\/#\\\/schema\\\/logo\\\/image\\\/\",\"url\":\"https:\\\/\\\/www.gmj.si\\\/wp-content\\\/uploads\\\/2021\\\/12\\\/cropped-logo400.png\",\"contentUrl\":\"https:\\\/\\\/www.gmj.si\\\/wp-content\\\/uploads\\\/2021\\\/12\\\/cropped-logo400.png\",\"width\":512,\"height\":512,\"caption\":\"Gornjesavski muzej Jesenice\"},\"image\":{\"@id\":\"https:\\\/\\\/www.gmj.si\\\/#\\\/schema\\\/logo\\\/image\\\/\"},\"sameAs\":[\"https:\\\/\\\/www.facebook.com\\\/GMJesenice\\\/\"]}]}<\/script>\n<!-- \/ Yoast SEO plugin. -->","yoast_head_json":{"title":"VARIATOR - Gornjesavski muzej Jesenice","robots":{"index":"index","follow":"follow","max-snippet":"max-snippet:-1","max-image-preview":"max-image-preview:large","max-video-preview":"max-video-preview:-1"},"canonical":"https:\/\/www.gmj.si\/en\/variator-2\/","og_locale":"en_US","og_type":"article","og_title":"VARIATOR - Gornjesavski muzej Jesenice","og_description":"Transmission machinery was used in the Jesenice Ironworks. The driving [...]","og_url":"https:\/\/www.gmj.si\/en\/variator-2\/","og_site_name":"Gornjesavski muzej Jesenice","article_publisher":"https:\/\/www.facebook.com\/GMJesenice\/","og_image":[{"url":"https:\/\/www.gmj.si\/wp-content\/uploads\/2022\/10\/A-4384-27.2.1968.jpg","type":"","width":"","height":""}],"twitter_card":"summary_large_image","schema":{"@context":"https:\/\/schema.org","@graph":[{"@type":"WebPage","@id":"https:\/\/www.gmj.si\/en\/variator-2\/","url":"https:\/\/www.gmj.si\/en\/variator-2\/","name":"VARIATOR - Gornjesavski muzej Jesenice","isPartOf":{"@id":"https:\/\/www.gmj.si\/#website"},"primaryImageOfPage":{"@id":"https:\/\/www.gmj.si\/en\/variator-2\/#primaryimage"},"image":{"@id":"https:\/\/www.gmj.si\/en\/variator-2\/#primaryimage"},"thumbnailUrl":"https:\/\/www.gmj.si\/wp-content\/uploads\/2022\/10\/A-4384-27.2.1968.jpg","datePublished":"2022-10-25T11:32:03+00:00","breadcrumb":{"@id":"https:\/\/www.gmj.si\/en\/variator-2\/#breadcrumb"},"inLanguage":"en-US","potentialAction":[{"@type":"ReadAction","target":["https:\/\/www.gmj.si\/en\/variator-2\/"]}]},{"@type":"ImageObject","inLanguage":"en-US","@id":"https:\/\/www.gmj.si\/en\/variator-2\/#primaryimage","url":"https:\/\/www.gmj.si\/wp-content\/uploads\/2022\/10\/A-4384-27.2.1968.jpg","contentUrl":"https:\/\/www.gmj.si\/wp-content\/uploads\/2022\/10\/A-4384-27.2.1968.jpg"},{"@type":"BreadcrumbList","@id":"https:\/\/www.gmj.si\/en\/variator-2\/#breadcrumb","itemListElement":[{"@type":"ListItem","position":1,"name":"Home","item":"https:\/\/www.gmj.si\/en\/"},{"@type":"ListItem","position":2,"name":"VARIATOR"}]},{"@type":"WebSite","@id":"https:\/\/www.gmj.si\/#website","url":"https:\/\/www.gmj.si\/","name":"Gornjesavski muzej Jesenice","description":"Skrbimo za kulturno in naravno dedi\u0161\u010dino gornjesavske regije","publisher":{"@id":"https:\/\/www.gmj.si\/#organization"},"potentialAction":[{"@type":"SearchAction","target":{"@type":"EntryPoint","urlTemplate":"https:\/\/www.gmj.si\/?s={search_term_string}"},"query-input":{"@type":"PropertyValueSpecification","valueRequired":true,"valueName":"search_term_string"}}],"inLanguage":"en-US"},{"@type":"Organization","@id":"https:\/\/www.gmj.si\/#organization","name":"Gornjesavski muzej Jesenice","url":"https:\/\/www.gmj.si\/","logo":{"@type":"ImageObject","inLanguage":"en-US","@id":"https:\/\/www.gmj.si\/#\/schema\/logo\/image\/","url":"https:\/\/www.gmj.si\/wp-content\/uploads\/2021\/12\/cropped-logo400.png","contentUrl":"https:\/\/www.gmj.si\/wp-content\/uploads\/2021\/12\/cropped-logo400.png","width":512,"height":512,"caption":"Gornjesavski muzej Jesenice"},"image":{"@id":"https:\/\/www.gmj.si\/#\/schema\/logo\/image\/"},"sameAs":["https:\/\/www.facebook.com\/GMJesenice\/"]}]}},"_links":{"self":[{"href":"https:\/\/www.gmj.si\/en\/wp-json\/wp\/v2\/pages\/19198","targetHints":{"allow":["GET"]}}],"collection":[{"href":"https:\/\/www.gmj.si\/en\/wp-json\/wp\/v2\/pages"}],"about":[{"href":"https:\/\/www.gmj.si\/en\/wp-json\/wp\/v2\/types\/page"}],"author":[{"embeddable":true,"href":"https:\/\/www.gmj.si\/en\/wp-json\/wp\/v2\/users\/2"}],"replies":[{"embeddable":true,"href":"https:\/\/www.gmj.si\/en\/wp-json\/wp\/v2\/comments?post=19198"}],"version-history":[{"count":1,"href":"https:\/\/www.gmj.si\/en\/wp-json\/wp\/v2\/pages\/19198\/revisions"}],"predecessor-version":[{"id":19199,"href":"https:\/\/www.gmj.si\/en\/wp-json\/wp\/v2\/pages\/19198\/revisions\/19199"}],"wp:attachment":[{"href":"https:\/\/www.gmj.si\/en\/wp-json\/wp\/v2\/media?parent=19198"}],"curies":[{"name":"wp","href":"https:\/\/api.w.org\/{rel}","templated":true}]}}