{"id":10110,"date":"2019-08-26T12:32:19","date_gmt":"2019-08-26T10:32:19","guid":{"rendered":"https:\/\/www.gmj.si\/?page_id=10110"},"modified":"2025-01-14T11:44:53","modified_gmt":"2025-01-14T10:44:53","slug":"phenomenon","status":"publish","type":"page","link":"https:\/\/www.gmj.si\/en\/phenomenon\/","title":{"rendered":"PHENOMENON"},"content":{"rendered":"<div class=\"fusion-fullwidth fullwidth-box fusion-builder-row-1 nonhundred-percent-fullwidth non-hundred-percent-height-scrolling\" style=\"--awb-border-radius-top-left:0px;--awb-border-radius-top-right:0px;--awb-border-radius-bottom-right:0px;--awb-border-radius-bottom-left:0px;--awb-flex-wrap:wrap;\" ><div class=\"fusion-builder-row fusion-row\"><div class=\"fusion-layout-column fusion_builder_column fusion-builder-column-0 fusion_builder_column_1_1 1_1 fusion-one-full fusion-column-first fusion-column-last\" style=\"--awb-bg-size:cover;\"><div class=\"fusion-column-wrapper fusion-column-has-shadow fusion-flex-column-wrapper-legacy\"><div class=\"fusion-image-element fusion-image-align-center in-legacy-container\" style=\"text-align:center;--awb-margin-bottom:45px;--awb-caption-title-font-family:var(--h2_typography-font-family);--awb-caption-title-font-weight:var(--h2_typography-font-weight);--awb-caption-title-font-style:var(--h2_typography-font-style);--awb-caption-title-size:var(--h2_typography-font-size);--awb-caption-title-transform:var(--h2_typography-text-transform);--awb-caption-title-line-height:var(--h2_typography-line-height);--awb-caption-title-letter-spacing:var(--h2_typography-letter-spacing);\"><div class=\"imageframe-align-center\"><span class=\" fusion-imageframe imageframe-none imageframe-1 hover-type-none\"><img decoding=\"async\" width=\"400\" height=\"210\" title=\"600&#215;300-ZELEZARSKI-MUZE\" src=\"https:\/\/www.gmj.si\/wp-content\/uploads\/2024\/10\/600x300-ZELEZARSKI-MUZE-400x210.jpg\" alt class=\"img-responsive wp-image-22570\" srcset=\"https:\/\/www.gmj.si\/wp-content\/uploads\/2024\/10\/600x300-ZELEZARSKI-MUZE-200x105.jpg 200w, https:\/\/www.gmj.si\/wp-content\/uploads\/2024\/10\/600x300-ZELEZARSKI-MUZE-400x210.jpg 400w, https:\/\/www.gmj.si\/wp-content\/uploads\/2024\/10\/600x300-ZELEZARSKI-MUZE.jpg 600w\" sizes=\"(max-width: 800px) 100vw, 400px\" \/><\/span><\/div><\/div><div class=\"fusion-title title fusion-title-1 fusion-title-center fusion-title-text fusion-title-size-one\" style=\"--awb-margin-top-small:0px;--awb-margin-right-small:0px;--awb-margin-bottom-small:20px;--awb-margin-left-small:0px;\"><div class=\"title-sep-container title-sep-container-left\"><div class=\"title-sep sep-double sep-solid\" style=\"border-color:#e0dede;\"><\/div><\/div><span class=\"awb-title-spacer\"><\/span><h1 class=\"fusion-title-heading title-heading-center\" style=\"margin:0;\"><h2>PHENOMENON<br \/>\npermanent exhibition on the history of the Slovenian iron industry<\/h2><\/h1><span class=\"awb-title-spacer\"><\/span><div class=\"title-sep-container title-sep-container-right\"><div class=\"title-sep sep-double sep-solid\" style=\"border-color:#e0dede;\"><\/div><\/div><\/div><div class=\"fusion-text fusion-text-1\"><p>A permanent museum exhibition entitled FeNOMEN about the history of the iron industry in Slovenia is being prepared, which takes us from ore to steel. Key events in the history of the iron industry are presented, especially the period from the 14th to the end of the 19th century &#8211; the period of the development of smelting to industrialization. The exhibition will also present the living conditions of welding families, such as Bucelleni and Ruard on the Sava in Jesenice, which significantly influenced the development of welding from the 16th to the 19th century.<\/p>\n<\/div><div class=\"fusion-clearfix\"><\/div><\/div><\/div><div class=\"fusion-layout-column fusion_builder_column fusion-builder-column-1 fusion_builder_column_1_2 1_2 fusion-one-half fusion-column-first\" style=\"--awb-bg-size:cover;width:50%;width:calc(50% - ( ( 4% ) * 0.5 ) );margin-right: 4%;\"><div class=\"fusion-column-wrapper fusion-column-has-shadow fusion-flex-column-wrapper-legacy\"><div class=\"fusion-slider-sc fusion-flexslider-loading flexslider flexslider-hover-type-none\" data-slideshow_autoplay=\"1\" data-slideshow_smooth_height=\"0\" data-slideshow_speed=\"7000\" style=\"max-width:100%;height:100%;\"><ul class=\"slides\"><li class=\"image\"><span class=\"fusion-image-hover-element hover-type-none\"><img decoding=\"async\" src=\"http:\/\/www.gmj.si\/wp-content\/uploads\/2019\/06\/4_vzpon-i-n-padec-f_kovacnica1-600x400.jpg\" width=\"600\" height=\"400\" class=\"wp-image-8982\" srcset=\"https:\/\/www.gmj.si\/wp-content\/uploads\/2019\/06\/4_vzpon-i-n-padec-f_kovacnica1-200x133.jpg 200w, https:\/\/www.gmj.si\/wp-content\/uploads\/2019\/06\/4_vzpon-i-n-padec-f_kovacnica1-400x267.jpg 400w, https:\/\/www.gmj.si\/wp-content\/uploads\/2019\/06\/4_vzpon-i-n-padec-f_kovacnica1-600x400.jpg 600w, https:\/\/www.gmj.si\/wp-content\/uploads\/2019\/06\/4_vzpon-i-n-padec-f_kovacnica1-800x533.jpg 800w, https:\/\/www.gmj.si\/wp-content\/uploads\/2019\/06\/4_vzpon-i-n-padec-f_kovacnica1.jpg 900w\" sizes=\"(max-width: 800px) 100vw, 600px\" \/><\/span><\/li><li class=\"image\"><span class=\"fusion-image-hover-element hover-type-none\"><img decoding=\"async\" src=\"http:\/\/www.gmj.si\/wp-content\/uploads\/2019\/06\/4_vzpon-i-n-padec-f_kovacnica2-600x400.jpg\" width=\"600\" height=\"400\" class=\"wp-image-8983\" srcset=\"https:\/\/www.gmj.si\/wp-content\/uploads\/2019\/06\/4_vzpon-i-n-padec-f_kovacnica2-200x133.jpg 200w, https:\/\/www.gmj.si\/wp-content\/uploads\/2019\/06\/4_vzpon-i-n-padec-f_kovacnica2-400x267.jpg 400w, https:\/\/www.gmj.si\/wp-content\/uploads\/2019\/06\/4_vzpon-i-n-padec-f_kovacnica2-600x400.jpg 600w, https:\/\/www.gmj.si\/wp-content\/uploads\/2019\/06\/4_vzpon-i-n-padec-f_kovacnica2-800x533.jpg 800w, https:\/\/www.gmj.si\/wp-content\/uploads\/2019\/06\/4_vzpon-i-n-padec-f_kovacnica2.jpg 900w\" sizes=\"(max-width: 800px) 100vw, 600px\" \/><\/span><\/li><\/ul><\/div><div class=\"fusion-clearfix\"><\/div><\/div><\/div><div class=\"fusion-layout-column fusion_builder_column fusion-builder-column-2 fusion_builder_column_1_2 1_2 fusion-one-half fusion-column-last\" style=\"--awb-bg-size:cover;width:50%;width:calc(50% - ( ( 4% ) * 0.5 ) );\"><div class=\"fusion-column-wrapper fusion-column-has-shadow fusion-flex-column-wrapper-legacy\"><div class=\"fusion-slider-sc fusion-flexslider-loading flexslider flexslider-hover-type-none\" data-slideshow_autoplay=\"1\" data-slideshow_smooth_height=\"0\" data-slideshow_speed=\"7000\" style=\"max-width:100%;height:100%;\"><ul class=\"slides\"><li class=\"image\"><a class=\"lightbox-enabled fusion-lightbox\" data-rel=\"iLightbox[slider_carousel_2]\" title=\"razstave-vzpon-in-padec-fuzinarjev-03\" data-caption=\"Nicola Grassi, Sv. Anton Pu\u0161\u010davnik in neznani anti\u010dni mu\u010denec, 1735\u20131740, olje, platno, 97,5 \u00d7 62 cm, Gornjesavski muzej Jesenice. (S. Kokalj, 2003, GMJ)\" data-title=\"razstave-vzpon-in-padec-fuzinarjev-03\" aria-label=\"razstave-vzpon-in-padec-fuzinarjev-03\" href=\"http:\/\/www.gmj.si\/wp-content\/uploads\/2019\/06\/razstave-vzpon-in-padec-fuzinarjev-03.jpg\" target=\"_self\"><span class=\"fusion-image-hover-element hover-type-none\"><img decoding=\"async\" src=\"http:\/\/www.gmj.si\/wp-content\/uploads\/2019\/06\/razstave-vzpon-in-padec-fuzinarjev-03.jpg\" width=\"500\" height=\"722\" class=\"wp-image-8682\" srcset=\"https:\/\/www.gmj.si\/wp-content\/uploads\/2019\/06\/razstave-vzpon-in-padec-fuzinarjev-03-200x289.jpg 200w, https:\/\/www.gmj.si\/wp-content\/uploads\/2019\/06\/razstave-vzpon-in-padec-fuzinarjev-03-400x578.jpg 400w, https:\/\/www.gmj.si\/wp-content\/uploads\/2019\/06\/razstave-vzpon-in-padec-fuzinarjev-03.jpg 500w\" sizes=\"(max-width: 800px) 100vw, 500px\" \/><\/span><\/a><\/li><li class=\"image\"><a class=\"lightbox-enabled fusion-lightbox\" data-rel=\"iLightbox[slider_carousel_2]\" title=\"razstave-vzpon-in-padec-fuzinarjev-04\" data-caption=\"Nicola Grassi, Marijino vnebovzetje, 1735\/1740, olje, platno, 161 \u00d7 110 cm, Gornjesavski muzej Jesenice. (S. Kokalj, 2003, GMJ)\" data-title=\"razstave-vzpon-in-padec-fuzinarjev-04\" aria-label=\"razstave-vzpon-in-padec-fuzinarjev-04\" href=\"http:\/\/www.gmj.si\/wp-content\/uploads\/2019\/06\/razstave-vzpon-in-padec-fuzinarjev-04.jpg\" target=\"_self\"><span class=\"fusion-image-hover-element hover-type-none\"><img decoding=\"async\" src=\"http:\/\/www.gmj.si\/wp-content\/uploads\/2019\/06\/razstave-vzpon-in-padec-fuzinarjev-04.jpg\" width=\"500\" height=\"722\" class=\"wp-image-8683\" srcset=\"https:\/\/www.gmj.si\/wp-content\/uploads\/2019\/06\/razstave-vzpon-in-padec-fuzinarjev-04-200x289.jpg 200w, https:\/\/www.gmj.si\/wp-content\/uploads\/2019\/06\/razstave-vzpon-in-padec-fuzinarjev-04-400x578.jpg 400w, https:\/\/www.gmj.si\/wp-content\/uploads\/2019\/06\/razstave-vzpon-in-padec-fuzinarjev-04.jpg 500w\" sizes=\"(max-width: 800px) 100vw, 500px\" \/><\/span><\/a><\/li><li class=\"image\"><a class=\"lightbox-enabled fusion-lightbox\" data-rel=\"iLightbox[slider_carousel_2]\" title=\"razstave-vzpon-in-padec-fuzinarjev-02\" data-caption=\"Nicola Grassi, Marija ro\u017enega venca s sv. Dominikom in sv. Fran\u010di\u0161kom, 1735\u20131740, olje, platno, 161 \u00d7 110 cm, Gornjesavski muzej Jesenice. (S. Kokalj, 2003, GMJ)\" data-title=\"razstave-vzpon-in-padec-fuzinarjev-02\" aria-label=\"razstave-vzpon-in-padec-fuzinarjev-02\" href=\"http:\/\/www.gmj.si\/wp-content\/uploads\/2019\/06\/razstave-vzpon-in-padec-fuzinarjev-02.jpg\" target=\"_self\"><span class=\"fusion-image-hover-element hover-type-none\"><img decoding=\"async\" src=\"http:\/\/www.gmj.si\/wp-content\/uploads\/2019\/06\/razstave-vzpon-in-padec-fuzinarjev-02.jpg\" width=\"500\" height=\"722\" class=\"wp-image-8681\" srcset=\"https:\/\/www.gmj.si\/wp-content\/uploads\/2019\/06\/razstave-vzpon-in-padec-fuzinarjev-02-200x289.jpg 200w, https:\/\/www.gmj.si\/wp-content\/uploads\/2019\/06\/razstave-vzpon-in-padec-fuzinarjev-02-400x578.jpg 400w, https:\/\/www.gmj.si\/wp-content\/uploads\/2019\/06\/razstave-vzpon-in-padec-fuzinarjev-02.jpg 500w\" sizes=\"(max-width: 800px) 100vw, 500px\" \/><\/span><\/a><\/li><\/ul><\/div><div class=\"fusion-clearfix\"><\/div><\/div><\/div><\/div><\/div>\n","protected":false},"excerpt":{"rendered":"","protected":false},"author":1,"featured_media":0,"parent":0,"menu_order":0,"comment_status":"closed","ping_status":"closed","template":"","meta":{"footnotes":""},"class_list":["post-10110","page","type-page","status-publish","hentry"],"yoast_head":"<!-- This site is optimized with the Yoast SEO plugin v27.5 - https:\/\/yoast.com\/product\/yoast-seo-wordpress\/ -->\n<title>PHENOMENON - Gornjesavski muzej Jesenice<\/title>\n<meta name=\"robots\" content=\"index, follow, max-snippet:-1, max-image-preview:large, max-video-preview:-1\" \/>\n<link rel=\"canonical\" href=\"https:\/\/www.gmj.si\/en\/phenomenon\/\" \/>\n<meta property=\"og:locale\" content=\"en_US\" \/>\n<meta property=\"og:type\" content=\"article\" \/>\n<meta property=\"og:title\" content=\"PHENOMENON - Gornjesavski muzej Jesenice\" \/>\n<meta property=\"og:url\" content=\"https:\/\/www.gmj.si\/en\/phenomenon\/\" \/>\n<meta property=\"og:site_name\" content=\"Gornjesavski muzej Jesenice\" \/>\n<meta property=\"article:publisher\" content=\"https:\/\/www.facebook.com\/GMJesenice\/\" \/>\n<meta property=\"article:modified_time\" content=\"2025-01-14T10:44:53+00:00\" \/>\n<meta name=\"twitter:card\" content=\"summary_large_image\" \/>\n<meta name=\"twitter:label1\" content=\"Est. reading time\" \/>\n\t<meta name=\"twitter:data1\" content=\"2 minutes\" \/>\n<script type=\"application\/ld+json\" class=\"yoast-schema-graph\">{\"@context\":\"https:\\\/\\\/schema.org\",\"@graph\":[{\"@type\":\"WebPage\",\"@id\":\"https:\\\/\\\/www.gmj.si\\\/en\\\/phenomenon\\\/\",\"url\":\"https:\\\/\\\/www.gmj.si\\\/en\\\/phenomenon\\\/\",\"name\":\"PHENOMENON - Gornjesavski muzej Jesenice\",\"isPartOf\":{\"@id\":\"https:\\\/\\\/www.gmj.si\\\/#website\"},\"datePublished\":\"2019-08-26T10:32:19+00:00\",\"dateModified\":\"2025-01-14T10:44:53+00:00\",\"breadcrumb\":{\"@id\":\"https:\\\/\\\/www.gmj.si\\\/en\\\/phenomenon\\\/#breadcrumb\"},\"inLanguage\":\"en-US\",\"potentialAction\":[{\"@type\":\"ReadAction\",\"target\":[\"https:\\\/\\\/www.gmj.si\\\/en\\\/phenomenon\\\/\"]}]},{\"@type\":\"BreadcrumbList\",\"@id\":\"https:\\\/\\\/www.gmj.si\\\/en\\\/phenomenon\\\/#breadcrumb\",\"itemListElement\":[{\"@type\":\"ListItem\",\"position\":1,\"name\":\"Home\",\"item\":\"https:\\\/\\\/www.gmj.si\\\/en\\\/\"},{\"@type\":\"ListItem\",\"position\":2,\"name\":\"PHENOMENON\"}]},{\"@type\":\"WebSite\",\"@id\":\"https:\\\/\\\/www.gmj.si\\\/#website\",\"url\":\"https:\\\/\\\/www.gmj.si\\\/\",\"name\":\"Gornjesavski muzej Jesenice\",\"description\":\"Skrbimo za kulturno in naravno dedi\u0161\u010dino gornjesavske regije\",\"publisher\":{\"@id\":\"https:\\\/\\\/www.gmj.si\\\/#organization\"},\"potentialAction\":[{\"@type\":\"SearchAction\",\"target\":{\"@type\":\"EntryPoint\",\"urlTemplate\":\"https:\\\/\\\/www.gmj.si\\\/?s={search_term_string}\"},\"query-input\":{\"@type\":\"PropertyValueSpecification\",\"valueRequired\":true,\"valueName\":\"search_term_string\"}}],\"inLanguage\":\"en-US\"},{\"@type\":\"Organization\",\"@id\":\"https:\\\/\\\/www.gmj.si\\\/#organization\",\"name\":\"Gornjesavski muzej Jesenice\",\"url\":\"https:\\\/\\\/www.gmj.si\\\/\",\"logo\":{\"@type\":\"ImageObject\",\"inLanguage\":\"en-US\",\"@id\":\"https:\\\/\\\/www.gmj.si\\\/#\\\/schema\\\/logo\\\/image\\\/\",\"url\":\"https:\\\/\\\/www.gmj.si\\\/wp-content\\\/uploads\\\/2021\\\/12\\\/cropped-logo400.png\",\"contentUrl\":\"https:\\\/\\\/www.gmj.si\\\/wp-content\\\/uploads\\\/2021\\\/12\\\/cropped-logo400.png\",\"width\":512,\"height\":512,\"caption\":\"Gornjesavski muzej Jesenice\"},\"image\":{\"@id\":\"https:\\\/\\\/www.gmj.si\\\/#\\\/schema\\\/logo\\\/image\\\/\"},\"sameAs\":[\"https:\\\/\\\/www.facebook.com\\\/GMJesenice\\\/\"]}]}<\/script>\n<!-- \/ Yoast SEO plugin. -->","yoast_head_json":{"title":"PHENOMENON - Gornjesavski muzej Jesenice","robots":{"index":"index","follow":"follow","max-snippet":"max-snippet:-1","max-image-preview":"max-image-preview:large","max-video-preview":"max-video-preview:-1"},"canonical":"https:\/\/www.gmj.si\/en\/phenomenon\/","og_locale":"en_US","og_type":"article","og_title":"PHENOMENON - Gornjesavski muzej Jesenice","og_url":"https:\/\/www.gmj.si\/en\/phenomenon\/","og_site_name":"Gornjesavski muzej Jesenice","article_publisher":"https:\/\/www.facebook.com\/GMJesenice\/","article_modified_time":"2025-01-14T10:44:53+00:00","twitter_card":"summary_large_image","twitter_misc":{"Est. reading time":"2 minutes"},"schema":{"@context":"https:\/\/schema.org","@graph":[{"@type":"WebPage","@id":"https:\/\/www.gmj.si\/en\/phenomenon\/","url":"https:\/\/www.gmj.si\/en\/phenomenon\/","name":"PHENOMENON - Gornjesavski muzej Jesenice","isPartOf":{"@id":"https:\/\/www.gmj.si\/#website"},"datePublished":"2019-08-26T10:32:19+00:00","dateModified":"2025-01-14T10:44:53+00:00","breadcrumb":{"@id":"https:\/\/www.gmj.si\/en\/phenomenon\/#breadcrumb"},"inLanguage":"en-US","potentialAction":[{"@type":"ReadAction","target":["https:\/\/www.gmj.si\/en\/phenomenon\/"]}]},{"@type":"BreadcrumbList","@id":"https:\/\/www.gmj.si\/en\/phenomenon\/#breadcrumb","itemListElement":[{"@type":"ListItem","position":1,"name":"Home","item":"https:\/\/www.gmj.si\/en\/"},{"@type":"ListItem","position":2,"name":"PHENOMENON"}]},{"@type":"WebSite","@id":"https:\/\/www.gmj.si\/#website","url":"https:\/\/www.gmj.si\/","name":"Gornjesavski muzej Jesenice","description":"Skrbimo za kulturno in naravno dedi\u0161\u010dino gornjesavske regije","publisher":{"@id":"https:\/\/www.gmj.si\/#organization"},"potentialAction":[{"@type":"SearchAction","target":{"@type":"EntryPoint","urlTemplate":"https:\/\/www.gmj.si\/?s={search_term_string}"},"query-input":{"@type":"PropertyValueSpecification","valueRequired":true,"valueName":"search_term_string"}}],"inLanguage":"en-US"},{"@type":"Organization","@id":"https:\/\/www.gmj.si\/#organization","name":"Gornjesavski muzej Jesenice","url":"https:\/\/www.gmj.si\/","logo":{"@type":"ImageObject","inLanguage":"en-US","@id":"https:\/\/www.gmj.si\/#\/schema\/logo\/image\/","url":"https:\/\/www.gmj.si\/wp-content\/uploads\/2021\/12\/cropped-logo400.png","contentUrl":"https:\/\/www.gmj.si\/wp-content\/uploads\/2021\/12\/cropped-logo400.png","width":512,"height":512,"caption":"Gornjesavski muzej Jesenice"},"image":{"@id":"https:\/\/www.gmj.si\/#\/schema\/logo\/image\/"},"sameAs":["https:\/\/www.facebook.com\/GMJesenice\/"]}]}},"_links":{"self":[{"href":"https:\/\/www.gmj.si\/en\/wp-json\/wp\/v2\/pages\/10110","targetHints":{"allow":["GET"]}}],"collection":[{"href":"https:\/\/www.gmj.si\/en\/wp-json\/wp\/v2\/pages"}],"about":[{"href":"https:\/\/www.gmj.si\/en\/wp-json\/wp\/v2\/types\/page"}],"author":[{"embeddable":true,"href":"https:\/\/www.gmj.si\/en\/wp-json\/wp\/v2\/users\/1"}],"replies":[{"embeddable":true,"href":"https:\/\/www.gmj.si\/en\/wp-json\/wp\/v2\/comments?post=10110"}],"version-history":[{"count":10,"href":"https:\/\/www.gmj.si\/en\/wp-json\/wp\/v2\/pages\/10110\/revisions"}],"predecessor-version":[{"id":23039,"href":"https:\/\/www.gmj.si\/en\/wp-json\/wp\/v2\/pages\/10110\/revisions\/23039"}],"wp:attachment":[{"href":"https:\/\/www.gmj.si\/en\/wp-json\/wp\/v2\/media?parent=10110"}],"curies":[{"name":"wp","href":"https:\/\/api.w.org\/{rel}","templated":true}]}}