{"id":10095,"date":"2019-02-21T08:10:26","date_gmt":"2019-02-21T07:10:26","guid":{"rendered":"https:\/\/www.gmj.si\/kosova-grascina\/"},"modified":"2025-04-22T10:23:38","modified_gmt":"2025-04-22T08:23:38","slug":"museum-kos-manor-jesenice","status":"publish","type":"page","link":"https:\/\/www.gmj.si\/en\/museum-kos-manor-jesenice\/","title":{"rendered":"Museum Kos manor Jesenice"},"content":{"rendered":"<div class=\"fusion-fullwidth fullwidth-box fusion-builder-row-1 nonhundred-percent-fullwidth non-hundred-percent-height-scrolling\" style=\"--awb-border-radius-top-left:0px;--awb-border-radius-top-right:0px;--awb-border-radius-bottom-right:0px;--awb-border-radius-bottom-left:0px;--awb-flex-wrap:wrap;\" ><div class=\"fusion-builder-row fusion-row\"><div class=\"fusion-layout-column fusion_builder_column fusion-builder-column-0 fusion_builder_column_1_2 1_2 fusion-one-half fusion-column-first\" style=\"--awb-bg-size:cover;width:50%;width:calc(50% - ( ( 4% ) * 0.5 ) );margin-right: 4%;\"><div class=\"fusion-column-wrapper fusion-flex-column-wrapper-legacy\"><div class=\"fusion-title title fusion-title-1 fusion-title-text fusion-title-size-one\" style=\"--awb-margin-top-small:0px;--awb-margin-right-small:0px;--awb-margin-bottom-small:20px;--awb-margin-left-small:0px;\"><h1 class=\"fusion-title-heading title-heading-left\" style=\"margin:0;\"><h2>Recent history<\/h2><\/h1><span class=\"awb-title-spacer\"><\/span><div class=\"title-sep-container\"><div class=\"title-sep sep-double sep-solid\" style=\"border-color:#e0dede;\"><\/div><\/div><\/div><div class=\"fusion-slider-sc fusion-flexslider-loading flexslider flexslider-hover-type-none\" data-slideshow_autoplay=\"1\" data-slideshow_smooth_height=\"0\" data-slideshow_speed=\"7000\" style=\"max-width:100%;height:100%;\"><ul class=\"slides\"><li class=\"image\"><span class=\"fusion-image-hover-element hover-type-none\"><img decoding=\"async\" src=\"http:\/\/www.gmj.si\/wp-content\/uploads\/2019\/06\/MUZEJ-KOSOVA-GRASCINA-JESENICE-07-300x200.jpg\" width=\"300\" height=\"200\" class=\"wp-image-8659\" srcset=\"https:\/\/www.gmj.si\/wp-content\/uploads\/2019\/06\/MUZEJ-KOSOVA-GRASCINA-JESENICE-07-200x133.jpg 200w, https:\/\/www.gmj.si\/wp-content\/uploads\/2019\/06\/MUZEJ-KOSOVA-GRASCINA-JESENICE-07-400x267.jpg 400w, https:\/\/www.gmj.si\/wp-content\/uploads\/2019\/06\/MUZEJ-KOSOVA-GRASCINA-JESENICE-07-600x400.jpg 600w, https:\/\/www.gmj.si\/wp-content\/uploads\/2019\/06\/MUZEJ-KOSOVA-GRASCINA-JESENICE-07-800x533.jpg 800w, https:\/\/www.gmj.si\/wp-content\/uploads\/2019\/06\/MUZEJ-KOSOVA-GRASCINA-JESENICE-07.jpg 900w\" sizes=\"(max-width: 800px) 100vw, 600px\" \/><\/span><\/li><li class=\"image\"><span class=\"fusion-image-hover-element hover-type-none\"><img decoding=\"async\" src=\"http:\/\/www.gmj.si\/wp-content\/uploads\/2019\/06\/MUZEJ-KOSOVA-GRASCINA-JESENICE-04-300x200.jpg\" width=\"300\" height=\"200\" class=\"wp-image-8656\" srcset=\"https:\/\/www.gmj.si\/wp-content\/uploads\/2019\/06\/MUZEJ-KOSOVA-GRASCINA-JESENICE-04-200x133.jpg 200w, https:\/\/www.gmj.si\/wp-content\/uploads\/2019\/06\/MUZEJ-KOSOVA-GRASCINA-JESENICE-04-400x267.jpg 400w, https:\/\/www.gmj.si\/wp-content\/uploads\/2019\/06\/MUZEJ-KOSOVA-GRASCINA-JESENICE-04-600x400.jpg 600w, https:\/\/www.gmj.si\/wp-content\/uploads\/2019\/06\/MUZEJ-KOSOVA-GRASCINA-JESENICE-04-800x533.jpg 800w, https:\/\/www.gmj.si\/wp-content\/uploads\/2019\/06\/MUZEJ-KOSOVA-GRASCINA-JESENICE-04.jpg 900w\" sizes=\"(max-width: 800px) 100vw, 600px\" \/><\/span><\/li><li class=\"image\"><span class=\"fusion-image-hover-element hover-type-none\"><img decoding=\"async\" src=\"http:\/\/www.gmj.si\/wp-content\/uploads\/2019\/06\/MUZEJ-KOSOVA-GRASCINA-JESENICE-05-300x200.jpg\" width=\"300\" height=\"200\" class=\"wp-image-8657\" srcset=\"https:\/\/www.gmj.si\/wp-content\/uploads\/2019\/06\/MUZEJ-KOSOVA-GRASCINA-JESENICE-05-200x133.jpg 200w, https:\/\/www.gmj.si\/wp-content\/uploads\/2019\/06\/MUZEJ-KOSOVA-GRASCINA-JESENICE-05-400x267.jpg 400w, https:\/\/www.gmj.si\/wp-content\/uploads\/2019\/06\/MUZEJ-KOSOVA-GRASCINA-JESENICE-05-600x400.jpg 600w, https:\/\/www.gmj.si\/wp-content\/uploads\/2019\/06\/MUZEJ-KOSOVA-GRASCINA-JESENICE-05-800x533.jpg 800w, https:\/\/www.gmj.si\/wp-content\/uploads\/2019\/06\/MUZEJ-KOSOVA-GRASCINA-JESENICE-05.jpg 900w\" sizes=\"(max-width: 800px) 100vw, 600px\" \/><\/span><\/li><li class=\"image\"><span class=\"fusion-image-hover-element hover-type-none\"><img decoding=\"async\" src=\"http:\/\/www.gmj.si\/wp-content\/uploads\/2019\/06\/MUZEJ-KOSOVA-GRASCINA-JESENICE-06-300x200.jpg\" width=\"300\" height=\"200\" class=\"wp-image-8658\" srcset=\"https:\/\/www.gmj.si\/wp-content\/uploads\/2019\/06\/MUZEJ-KOSOVA-GRASCINA-JESENICE-06-200x133.jpg 200w, https:\/\/www.gmj.si\/wp-content\/uploads\/2019\/06\/MUZEJ-KOSOVA-GRASCINA-JESENICE-06-400x267.jpg 400w, https:\/\/www.gmj.si\/wp-content\/uploads\/2019\/06\/MUZEJ-KOSOVA-GRASCINA-JESENICE-06-600x400.jpg 600w, https:\/\/www.gmj.si\/wp-content\/uploads\/2019\/06\/MUZEJ-KOSOVA-GRASCINA-JESENICE-06-800x533.jpg 800w, https:\/\/www.gmj.si\/wp-content\/uploads\/2019\/06\/MUZEJ-KOSOVA-GRASCINA-JESENICE-06.jpg 900w\" sizes=\"(max-width: 800px) 100vw, 600px\" \/><\/span><\/li><li class=\"image\"><span class=\"fusion-image-hover-element hover-type-none\"><img decoding=\"async\" src=\"https:\/\/www.gmj.si\/wp-content\/uploads\/2025\/04\/Zivljenje-v-gibanju_1.jpg\" width=\"1024\" height=\"684\" class=\"wp-image-23490\" srcset=\"https:\/\/www.gmj.si\/wp-content\/uploads\/2025\/04\/Zivljenje-v-gibanju_1-200x134.jpg 200w, https:\/\/www.gmj.si\/wp-content\/uploads\/2025\/04\/Zivljenje-v-gibanju_1-400x267.jpg 400w, https:\/\/www.gmj.si\/wp-content\/uploads\/2025\/04\/Zivljenje-v-gibanju_1-600x401.jpg 600w, https:\/\/www.gmj.si\/wp-content\/uploads\/2025\/04\/Zivljenje-v-gibanju_1-800x534.jpg 800w, https:\/\/www.gmj.si\/wp-content\/uploads\/2025\/04\/Zivljenje-v-gibanju_1.jpg 1024w\" sizes=\"(max-width: 800px) 100vw, 600px\" \/><\/span><\/li><li class=\"image\"><span class=\"fusion-image-hover-element hover-type-none\"><img decoding=\"async\" src=\"https:\/\/www.gmj.si\/wp-content\/uploads\/2025\/04\/Pomlad-ko-je-padalo-zelezo_1.jpg\" width=\"1024\" height=\"684\" class=\"wp-image-23492\" srcset=\"https:\/\/www.gmj.si\/wp-content\/uploads\/2025\/04\/Pomlad-ko-je-padalo-zelezo_1-200x134.jpg 200w, https:\/\/www.gmj.si\/wp-content\/uploads\/2025\/04\/Pomlad-ko-je-padalo-zelezo_1-400x267.jpg 400w, https:\/\/www.gmj.si\/wp-content\/uploads\/2025\/04\/Pomlad-ko-je-padalo-zelezo_1-600x401.jpg 600w, https:\/\/www.gmj.si\/wp-content\/uploads\/2025\/04\/Pomlad-ko-je-padalo-zelezo_1-800x534.jpg 800w, https:\/\/www.gmj.si\/wp-content\/uploads\/2025\/04\/Pomlad-ko-je-padalo-zelezo_1.jpg 1024w\" sizes=\"(max-width: 800px) 100vw, 600px\" \/><\/span><\/li><li class=\"image\"><span class=\"fusion-image-hover-element hover-type-none\"><img decoding=\"async\" src=\"https:\/\/www.gmj.si\/wp-content\/uploads\/2025\/04\/Mladost-mesta-rdecega-prahu_2.jpg\" width=\"1024\" height=\"684\" class=\"wp-image-23494\" srcset=\"https:\/\/www.gmj.si\/wp-content\/uploads\/2025\/04\/Mladost-mesta-rdecega-prahu_2-200x134.jpg 200w, https:\/\/www.gmj.si\/wp-content\/uploads\/2025\/04\/Mladost-mesta-rdecega-prahu_2-400x267.jpg 400w, https:\/\/www.gmj.si\/wp-content\/uploads\/2025\/04\/Mladost-mesta-rdecega-prahu_2-600x401.jpg 600w, https:\/\/www.gmj.si\/wp-content\/uploads\/2025\/04\/Mladost-mesta-rdecega-prahu_2-800x534.jpg 800w, https:\/\/www.gmj.si\/wp-content\/uploads\/2025\/04\/Mladost-mesta-rdecega-prahu_2.jpg 1024w\" sizes=\"(max-width: 800px) 100vw, 600px\" \/><\/span><\/li><li class=\"image\"><span class=\"fusion-image-hover-element hover-type-none\"><img decoding=\"async\" src=\"https:\/\/www.gmj.si\/wp-content\/uploads\/2025\/04\/Zivljenje-v-gibanju_2.jpg\" width=\"1024\" height=\"684\" class=\"wp-image-23496\" srcset=\"https:\/\/www.gmj.si\/wp-content\/uploads\/2025\/04\/Zivljenje-v-gibanju_2-200x134.jpg 200w, https:\/\/www.gmj.si\/wp-content\/uploads\/2025\/04\/Zivljenje-v-gibanju_2-400x267.jpg 400w, https:\/\/www.gmj.si\/wp-content\/uploads\/2025\/04\/Zivljenje-v-gibanju_2-600x401.jpg 600w, https:\/\/www.gmj.si\/wp-content\/uploads\/2025\/04\/Zivljenje-v-gibanju_2-800x534.jpg 800w, https:\/\/www.gmj.si\/wp-content\/uploads\/2025\/04\/Zivljenje-v-gibanju_2.jpg 1024w\" sizes=\"(max-width: 800px) 100vw, 600px\" \/><\/span><\/li><li class=\"image\"><span class=\"fusion-image-hover-element hover-type-none\"><img decoding=\"async\" src=\"https:\/\/www.gmj.si\/wp-content\/uploads\/2025\/04\/Pomlad-ko-je-padalo-zelezo_2.jpg\" width=\"1024\" height=\"684\" class=\"wp-image-23498\" srcset=\"https:\/\/www.gmj.si\/wp-content\/uploads\/2025\/04\/Pomlad-ko-je-padalo-zelezo_2-200x134.jpg 200w, https:\/\/www.gmj.si\/wp-content\/uploads\/2025\/04\/Pomlad-ko-je-padalo-zelezo_2-400x267.jpg 400w, https:\/\/www.gmj.si\/wp-content\/uploads\/2025\/04\/Pomlad-ko-je-padalo-zelezo_2-600x401.jpg 600w, https:\/\/www.gmj.si\/wp-content\/uploads\/2025\/04\/Pomlad-ko-je-padalo-zelezo_2-800x534.jpg 800w, https:\/\/www.gmj.si\/wp-content\/uploads\/2025\/04\/Pomlad-ko-je-padalo-zelezo_2.jpg 1024w\" sizes=\"(max-width: 800px) 100vw, 600px\" \/><\/span><\/li><li class=\"image\"><span class=\"fusion-image-hover-element hover-type-none\"><img decoding=\"async\" src=\"https:\/\/www.gmj.si\/wp-content\/uploads\/2025\/04\/Mladost-mesta-rdecega-prahu_3.jpg\" width=\"1024\" height=\"684\" class=\"wp-image-23500\" srcset=\"https:\/\/www.gmj.si\/wp-content\/uploads\/2025\/04\/Mladost-mesta-rdecega-prahu_3-200x134.jpg 200w, https:\/\/www.gmj.si\/wp-content\/uploads\/2025\/04\/Mladost-mesta-rdecega-prahu_3-400x267.jpg 400w, https:\/\/www.gmj.si\/wp-content\/uploads\/2025\/04\/Mladost-mesta-rdecega-prahu_3-600x401.jpg 600w, https:\/\/www.gmj.si\/wp-content\/uploads\/2025\/04\/Mladost-mesta-rdecega-prahu_3-800x534.jpg 800w, https:\/\/www.gmj.si\/wp-content\/uploads\/2025\/04\/Mladost-mesta-rdecega-prahu_3.jpg 1024w\" sizes=\"(max-width: 800px) 100vw, 600px\" \/><\/span><\/li><li class=\"image\"><span class=\"fusion-image-hover-element hover-type-none\"><img decoding=\"async\" src=\"https:\/\/www.gmj.si\/wp-content\/uploads\/2025\/04\/Mladost-mesta-rdecega-prahu_1.jpg\" width=\"1024\" height=\"684\" class=\"wp-image-23502\" srcset=\"https:\/\/www.gmj.si\/wp-content\/uploads\/2025\/04\/Mladost-mesta-rdecega-prahu_1-200x134.jpg 200w, https:\/\/www.gmj.si\/wp-content\/uploads\/2025\/04\/Mladost-mesta-rdecega-prahu_1-400x267.jpg 400w, https:\/\/www.gmj.si\/wp-content\/uploads\/2025\/04\/Mladost-mesta-rdecega-prahu_1-600x401.jpg 600w, https:\/\/www.gmj.si\/wp-content\/uploads\/2025\/04\/Mladost-mesta-rdecega-prahu_1-800x534.jpg 800w, https:\/\/www.gmj.si\/wp-content\/uploads\/2025\/04\/Mladost-mesta-rdecega-prahu_1.jpg 1024w\" sizes=\"(max-width: 800px) 100vw, 600px\" \/><\/span><\/li><\/ul><\/div><div class=\"fusion-text fusion-text-1\"><p>Occasional visual and artistic and museum exhibitions are set up in the Manor.<\/p>\n<ul>\n<li>Occasional exhibitions (below)<\/li>\n<li>Events and news (below)<\/li>\n<li><a href=\"http:\/\/www.gmj.si\/geoloska-in-paleontoloska-zbirka-jozeta-bedica\/\">Jo\u017ee Bedi\u010d&#8217;s Geological and Paleontological Collection<\/a><\/li>\n<li><a href=\"http:\/\/www.gmj.si\/zapori-gestapa\/\">Gestapo prisons<\/a><\/li>\n<li><a href=\"http:\/\/www.gmj.si\/muzejske-delavnice\/\">Museum workshops<\/a><\/li>\n<\/ul>\n<\/div><div class=\"fusion-clearfix\"><\/div><\/div><\/div><div class=\"fusion-layout-column fusion_builder_column fusion-builder-column-1 fusion_builder_column_1_2 1_2 fusion-one-half fusion-column-last\" style=\"--awb-bg-size:cover;width:50%;width:calc(50% - ( ( 4% ) * 0.5 ) );\"><div class=\"fusion-column-wrapper fusion-flex-column-wrapper-legacy\"><div class=\"fusion-title title fusion-title-2 fusion-title-text fusion-title-size-one\" style=\"--awb-margin-top-small:0px;--awb-margin-right-small:0px;--awb-margin-bottom-small:20px;--awb-margin-left-small:0px;\"><h1 class=\"fusion-title-heading title-heading-left\" style=\"margin:0;\"><h2>History of the Kos Manor<\/h2><\/h1><span class=\"awb-title-spacer\"><\/span><div class=\"title-sep-container\"><div class=\"title-sep sep-double sep-solid\" style=\"border-color:#e0dede;\"><\/div><\/div><\/div><div class=\"fusion-image-element in-legacy-container\" style=\"--awb-caption-title-font-family:var(--h2_typography-font-family);--awb-caption-title-font-weight:var(--h2_typography-font-weight);--awb-caption-title-font-style:var(--h2_typography-font-style);--awb-caption-title-size:var(--h2_typography-font-size);--awb-caption-title-transform:var(--h2_typography-text-transform);--awb-caption-title-line-height:var(--h2_typography-line-height);--awb-caption-title-letter-spacing:var(--h2_typography-letter-spacing);\"><span class=\" fusion-imageframe imageframe-none imageframe-1 hover-type-none\"><img decoding=\"async\" width=\"600\" height=\"400\" title=\"MUZEJ-KOSOVA-GRASCINA-JESENICE-01\" src=\"http:\/\/www.gmj.si\/wp-content\/uploads\/2019\/06\/MUZEJ-KOSOVA-GRASCINA-JESENICE-01-600x400.jpg\" alt class=\"img-responsive wp-image-9746\" srcset=\"https:\/\/www.gmj.si\/wp-content\/uploads\/2019\/06\/MUZEJ-KOSOVA-GRASCINA-JESENICE-01-200x133.jpg 200w, https:\/\/www.gmj.si\/wp-content\/uploads\/2019\/06\/MUZEJ-KOSOVA-GRASCINA-JESENICE-01-400x267.jpg 400w, https:\/\/www.gmj.si\/wp-content\/uploads\/2019\/06\/MUZEJ-KOSOVA-GRASCINA-JESENICE-01-600x400.jpg 600w, https:\/\/www.gmj.si\/wp-content\/uploads\/2019\/06\/MUZEJ-KOSOVA-GRASCINA-JESENICE-01-800x533.jpg 800w, https:\/\/www.gmj.si\/wp-content\/uploads\/2019\/06\/MUZEJ-KOSOVA-GRASCINA-JESENICE-01.jpg 900w\" sizes=\"(max-width: 800px) 100vw, 600px\" \/><\/span><\/div><div class=\"fusion-sep-clear\"><\/div><div class=\"fusion-separator fusion-full-width-sep\" style=\"margin-left: auto;margin-right: auto;margin-top:20px;margin-bottom:20px;width:100%;\"><\/div><div class=\"fusion-sep-clear\"><\/div><div class=\"fusion-text fusion-text-2\"><p>Kos Manor was built in 1521 by \u017diga Dietrichstein, tenant of House of Habsburg. \u00a0The Bela Pe\u010d coat-of-arms is preserved above the balcony door and historical sources refer to it as &#8220;old Bela Pe\u010d Castle\u00ab. In the 18th century it was owned by the Khevenh\u00fcllers from Carinthia, Princes of Eggenberg and Counts of Trillegkh. In 1812 it was bought by merchant Fran\u010di\u0161ek Pavel Kos who renovated it in 1821. The Manor has been named after him. At the end of the 19th century the Carniolan Industrial Company sold the building to Jesenice community. It housed a public school until 1915, during both world wars there were offices, a court of justice and prisons. \u00a0Nowadays, occasional visual and artistic exhibitions and Gornjesavski muzej Jesenice are set up in the Manor.<\/p>\n<\/div><div class=\"fusion-clearfix\"><\/div><\/div><\/div><\/div><\/div>\n","protected":false},"excerpt":{"rendered":"","protected":false},"author":1,"featured_media":0,"parent":0,"menu_order":1,"comment_status":"closed","ping_status":"closed","template":"","meta":{"footnotes":""},"class_list":["post-10095","page","type-page","status-publish","hentry"],"yoast_head":"<!-- This site is optimized with the Yoast SEO plugin v27.4 - https:\/\/yoast.com\/product\/yoast-seo-wordpress\/ -->\n<title>Museum Kos manor Jesenice - Gornjesavski muzej Jesenice<\/title>\n<meta name=\"robots\" content=\"index, follow, max-snippet:-1, max-image-preview:large, max-video-preview:-1\" \/>\n<link rel=\"canonical\" href=\"https:\/\/www.gmj.si\/en\/museum-kos-manor-jesenice\/\" \/>\n<meta property=\"og:locale\" content=\"en_US\" \/>\n<meta property=\"og:type\" content=\"article\" \/>\n<meta property=\"og:title\" content=\"Museum Kos manor Jesenice - Gornjesavski muzej Jesenice\" \/>\n<meta property=\"og:url\" content=\"https:\/\/www.gmj.si\/en\/museum-kos-manor-jesenice\/\" \/>\n<meta property=\"og:site_name\" content=\"Gornjesavski muzej Jesenice\" \/>\n<meta property=\"article:publisher\" content=\"https:\/\/www.facebook.com\/GMJesenice\/\" \/>\n<meta property=\"article:modified_time\" content=\"2025-04-22T08:23:38+00:00\" \/>\n<meta name=\"twitter:card\" content=\"summary_large_image\" \/>\n<meta name=\"twitter:label1\" content=\"Est. reading time\" \/>\n\t<meta name=\"twitter:data1\" content=\"3 minutes\" \/>\n<script type=\"application\/ld+json\" class=\"yoast-schema-graph\">{\"@context\":\"https:\\\/\\\/schema.org\",\"@graph\":[{\"@type\":\"WebPage\",\"@id\":\"https:\\\/\\\/www.gmj.si\\\/en\\\/museum-kos-manor-jesenice\\\/\",\"url\":\"https:\\\/\\\/www.gmj.si\\\/en\\\/museum-kos-manor-jesenice\\\/\",\"name\":\"Museum Kos manor Jesenice - Gornjesavski muzej Jesenice\",\"isPartOf\":{\"@id\":\"https:\\\/\\\/www.gmj.si\\\/#website\"},\"datePublished\":\"2019-02-21T07:10:26+00:00\",\"dateModified\":\"2025-04-22T08:23:38+00:00\",\"breadcrumb\":{\"@id\":\"https:\\\/\\\/www.gmj.si\\\/en\\\/museum-kos-manor-jesenice\\\/#breadcrumb\"},\"inLanguage\":\"en-US\",\"potentialAction\":[{\"@type\":\"ReadAction\",\"target\":[\"https:\\\/\\\/www.gmj.si\\\/en\\\/museum-kos-manor-jesenice\\\/\"]}]},{\"@type\":\"BreadcrumbList\",\"@id\":\"https:\\\/\\\/www.gmj.si\\\/en\\\/museum-kos-manor-jesenice\\\/#breadcrumb\",\"itemListElement\":[{\"@type\":\"ListItem\",\"position\":1,\"name\":\"Home\",\"item\":\"https:\\\/\\\/www.gmj.si\\\/en\\\/\"},{\"@type\":\"ListItem\",\"position\":2,\"name\":\"Museum Kos manor Jesenice\"}]},{\"@type\":\"WebSite\",\"@id\":\"https:\\\/\\\/www.gmj.si\\\/#website\",\"url\":\"https:\\\/\\\/www.gmj.si\\\/\",\"name\":\"Gornjesavski muzej Jesenice\",\"description\":\"Skrbimo za kulturno in naravno dedi\u0161\u010dino gornjesavske regije\",\"publisher\":{\"@id\":\"https:\\\/\\\/www.gmj.si\\\/#organization\"},\"potentialAction\":[{\"@type\":\"SearchAction\",\"target\":{\"@type\":\"EntryPoint\",\"urlTemplate\":\"https:\\\/\\\/www.gmj.si\\\/?s={search_term_string}\"},\"query-input\":{\"@type\":\"PropertyValueSpecification\",\"valueRequired\":true,\"valueName\":\"search_term_string\"}}],\"inLanguage\":\"en-US\"},{\"@type\":\"Organization\",\"@id\":\"https:\\\/\\\/www.gmj.si\\\/#organization\",\"name\":\"Gornjesavski muzej Jesenice\",\"url\":\"https:\\\/\\\/www.gmj.si\\\/\",\"logo\":{\"@type\":\"ImageObject\",\"inLanguage\":\"en-US\",\"@id\":\"https:\\\/\\\/www.gmj.si\\\/#\\\/schema\\\/logo\\\/image\\\/\",\"url\":\"https:\\\/\\\/www.gmj.si\\\/wp-content\\\/uploads\\\/2021\\\/12\\\/cropped-logo400.png\",\"contentUrl\":\"https:\\\/\\\/www.gmj.si\\\/wp-content\\\/uploads\\\/2021\\\/12\\\/cropped-logo400.png\",\"width\":512,\"height\":512,\"caption\":\"Gornjesavski muzej Jesenice\"},\"image\":{\"@id\":\"https:\\\/\\\/www.gmj.si\\\/#\\\/schema\\\/logo\\\/image\\\/\"},\"sameAs\":[\"https:\\\/\\\/www.facebook.com\\\/GMJesenice\\\/\"]}]}<\/script>\n<!-- \/ Yoast SEO plugin. -->","yoast_head_json":{"title":"Museum Kos manor Jesenice - Gornjesavski muzej Jesenice","robots":{"index":"index","follow":"follow","max-snippet":"max-snippet:-1","max-image-preview":"max-image-preview:large","max-video-preview":"max-video-preview:-1"},"canonical":"https:\/\/www.gmj.si\/en\/museum-kos-manor-jesenice\/","og_locale":"en_US","og_type":"article","og_title":"Museum Kos manor Jesenice - Gornjesavski muzej Jesenice","og_url":"https:\/\/www.gmj.si\/en\/museum-kos-manor-jesenice\/","og_site_name":"Gornjesavski muzej Jesenice","article_publisher":"https:\/\/www.facebook.com\/GMJesenice\/","article_modified_time":"2025-04-22T08:23:38+00:00","twitter_card":"summary_large_image","twitter_misc":{"Est. reading time":"3 minutes"},"schema":{"@context":"https:\/\/schema.org","@graph":[{"@type":"WebPage","@id":"https:\/\/www.gmj.si\/en\/museum-kos-manor-jesenice\/","url":"https:\/\/www.gmj.si\/en\/museum-kos-manor-jesenice\/","name":"Museum Kos manor Jesenice - Gornjesavski muzej Jesenice","isPartOf":{"@id":"https:\/\/www.gmj.si\/#website"},"datePublished":"2019-02-21T07:10:26+00:00","dateModified":"2025-04-22T08:23:38+00:00","breadcrumb":{"@id":"https:\/\/www.gmj.si\/en\/museum-kos-manor-jesenice\/#breadcrumb"},"inLanguage":"en-US","potentialAction":[{"@type":"ReadAction","target":["https:\/\/www.gmj.si\/en\/museum-kos-manor-jesenice\/"]}]},{"@type":"BreadcrumbList","@id":"https:\/\/www.gmj.si\/en\/museum-kos-manor-jesenice\/#breadcrumb","itemListElement":[{"@type":"ListItem","position":1,"name":"Home","item":"https:\/\/www.gmj.si\/en\/"},{"@type":"ListItem","position":2,"name":"Museum Kos manor Jesenice"}]},{"@type":"WebSite","@id":"https:\/\/www.gmj.si\/#website","url":"https:\/\/www.gmj.si\/","name":"Gornjesavski muzej Jesenice","description":"Skrbimo za kulturno in naravno dedi\u0161\u010dino gornjesavske regije","publisher":{"@id":"https:\/\/www.gmj.si\/#organization"},"potentialAction":[{"@type":"SearchAction","target":{"@type":"EntryPoint","urlTemplate":"https:\/\/www.gmj.si\/?s={search_term_string}"},"query-input":{"@type":"PropertyValueSpecification","valueRequired":true,"valueName":"search_term_string"}}],"inLanguage":"en-US"},{"@type":"Organization","@id":"https:\/\/www.gmj.si\/#organization","name":"Gornjesavski muzej Jesenice","url":"https:\/\/www.gmj.si\/","logo":{"@type":"ImageObject","inLanguage":"en-US","@id":"https:\/\/www.gmj.si\/#\/schema\/logo\/image\/","url":"https:\/\/www.gmj.si\/wp-content\/uploads\/2021\/12\/cropped-logo400.png","contentUrl":"https:\/\/www.gmj.si\/wp-content\/uploads\/2021\/12\/cropped-logo400.png","width":512,"height":512,"caption":"Gornjesavski muzej Jesenice"},"image":{"@id":"https:\/\/www.gmj.si\/#\/schema\/logo\/image\/"},"sameAs":["https:\/\/www.facebook.com\/GMJesenice\/"]}]}},"_links":{"self":[{"href":"https:\/\/www.gmj.si\/en\/wp-json\/wp\/v2\/pages\/10095","targetHints":{"allow":["GET"]}}],"collection":[{"href":"https:\/\/www.gmj.si\/en\/wp-json\/wp\/v2\/pages"}],"about":[{"href":"https:\/\/www.gmj.si\/en\/wp-json\/wp\/v2\/types\/page"}],"author":[{"embeddable":true,"href":"https:\/\/www.gmj.si\/en\/wp-json\/wp\/v2\/users\/1"}],"replies":[{"embeddable":true,"href":"https:\/\/www.gmj.si\/en\/wp-json\/wp\/v2\/comments?post=10095"}],"version-history":[{"count":9,"href":"https:\/\/www.gmj.si\/en\/wp-json\/wp\/v2\/pages\/10095\/revisions"}],"predecessor-version":[{"id":23506,"href":"https:\/\/www.gmj.si\/en\/wp-json\/wp\/v2\/pages\/10095\/revisions\/23506"}],"wp:attachment":[{"href":"https:\/\/www.gmj.si\/en\/wp-json\/wp\/v2\/media?parent=10095"}],"curies":[{"name":"wp","href":"https:\/\/api.w.org\/{rel}","templated":true}]}}